{"id":31149,"date":"2022-12-21T11:31:12","date_gmt":"2022-12-21T09:31:12","guid":{"rendered":"https:\/\/kalajokikeskusvaraamo.fi\/hallbar-turism\/"},"modified":"2026-01-15T15:19:03","modified_gmt":"2026-01-15T13:19:03","slug":"hallbar-turism","status":"publish","type":"page","link":"https:\/\/kalajokikeskusvaraamo.fi\/sv\/hallbar-turism\/","title":{"rendered":"H\u00e5llbar turism"},"content":{"rendered":"<div class=\"wpb-content-wrapper\"><p>[vc_row css_animation=&#8221;&#8221; row_type=&#8221;row&#8221; use_row_as_full_screen_section=&#8221;no&#8221; type=&#8221;full_width&#8221; angled_section=&#8221;no&#8221; text_align=&#8221;left&#8221; background_image_as_pattern=&#8221;without_pattern&#8221;][vc_column]\t\t\t<script src=\"\/\/kalajokikeskusvaraamo.fi\/wp-content\/plugins\/revslider\/sr6\/assets\/js\/rbtools.min.js?rev=6.7.40\"><\/script>\n\t\t\t<script src=\"\/\/kalajokikeskusvaraamo.fi\/wp-content\/plugins\/revslider\/sr6\/assets\/js\/rs6.min.js?rev=6.7.40\"><\/script>\n\n\t\t\t<!-- START H\u00e5llbar turism REVOLUTION SLIDER 6.7.40 --><p class=\"rs-p-wp-fix\"><\/p>\n\t\t\t<rs-module-wrap id=\"rev_slider_213_1_wrapper\" data-source=\"gallery\" style=\"visibility:hidden;background:transparent;padding:0;margin:0px auto;margin-top:0;margin-bottom:0;\">\n\t\t\t\t<rs-module id=\"rev_slider_213_1\" style=\"\" data-version=\"6.7.40\">\n\t\t\t\t\t<rs-slides style=\"overflow: hidden; position: absolute;\">\n\t\t\t\t\t\t<rs-slide style=\"position: absolute;\" data-key=\"rs-333\" data-title=\"Vastuullisuus\" data-anim=\"adpr:false;ms:10;\" data-in=\"o:1;\" data-out=\"a:false;\">\n\t\t\t\t\t\t\t<img decoding=\"async\" src=\"https:\/\/e6e6jux4p2d.exactdn.com\/wp-content\/plugins\/revslider\/sr6\/assets\/assets\/dummy.png\" alt=\"\" title=\"Linnut1\" width=\"2560\" height=\"1707\" class=\"rev-slidebg tp-rs-img rs-lazyload\" data-lazyload=\"https:\/\/e6e6jux4p2d.exactdn.com\/wp-content\/uploads\/2022\/11\/Linnut1-scaled.jpg?strip=all&resize=1060%2C707\" data-parallax=\"off\" data-no-retina>\n<!--\n\t\t\t\t\t\t\t--><h2\n\t\t\t\t\t\t\t\tid=\"slider-213-slide-333-layer-1\" \n\t\t\t\t\t\t\t\tclass=\"rs-layer rs-selectable\"\n\t\t\t\t\t\t\t\tdata-type=\"text\"\n\t\t\t\t\t\t\t\tdata-color=\"#ffffff\"\n\t\t\t\t\t\t\t\tdata-rsp_ch=\"on\"\n\t\t\t\t\t\t\t\tdata-xy=\"x:c;xo:3px;y:c;yo:-42px;\"\n\t\t\t\t\t\t\t\tdata-text=\"s:62;l:72;ls:0px;fw:700;a:inherit;\"\n\t\t\t\t\t\t\t\tdata-frame_1=\"sR:10;\"\n\t\t\t\t\t\t\t\tdata-frame_999=\"o:0;st:w;sR:8690.0006103516;\"\n\t\t\t\t\t\t\t\tstyle=\"z-index:5;font-family:'Poppins';text-shadow:1px 1px 2px rgba(0,0,0,.4);\"\n\t\t\t\t\t\t\t>H\u00e5llbar turism \n\t\t\t\t\t\t\t<\/h2><!--\n-->\t\t\t\t\t<\/rs-slide>\n\t\t\t\t\t<\/rs-slides>\n\t\t\t\t<\/rs-module>\n\t\t\t\t<script>\n\t\t\t\t\tsetREVStartSize({c: 'rev_slider_213_1',rl:[1240,1024,778,480],el:[420],gw:[1240],gh:[420],type:'hero',justify:'',layout:'fullwidth',mh:\"420\"});if (window.RS_MODULES!==undefined && window.RS_MODULES.modules!==undefined && window.RS_MODULES.modules[\"revslider2131\"]!==undefined) {window.RS_MODULES.modules[\"revslider2131\"].once = false;window.revapi213 = undefined;if (window.RS_MODULES.checkMinimal!==undefined) window.RS_MODULES.checkMinimal()}\n\t\t\t\t<\/script>\n\t\t\t<\/rs-module-wrap>\n\t\t\t<!-- END REVOLUTION SLIDER -->\n[vc_empty_space height=&#8221;50px&#8221;][\/vc_column][\/vc_row][vc_row css_animation=&#8221;&#8221; row_type=&#8221;row&#8221; use_row_as_full_screen_section=&#8221;no&#8221; type=&#8221;full_width&#8221; angled_section=&#8221;no&#8221; text_align=&#8221;left&#8221; background_image_as_pattern=&#8221;without_pattern&#8221;][vc_column width=&#8221;1\/2&#8243;][vc_empty_space height=&#8221;60px&#8221;][vc_empty_space height=&#8221;60px&#8221;][vc_single_image image=&#8221;41937&#8243; img_size=&#8221;large&#8221; alignment=&#8221;center&#8221; css=&#8221;&#8221; qode_css_animation=&#8221;&#8221;][\/vc_column][vc_column width=&#8221;1\/2&#8243;][vc_empty_space height=&#8221;120px&#8221;][vc_column_text css=&#8221;&#8221;]<\/p>\n<p style=\"text-align: center;\"><strong>H\u00c5LLBAR TURISM<\/strong><\/p>\n<p style=\"text-align: center;\">Kalajoki med sina ber\u00f6mda sanddyner och den unika havsnaturen runt om utg\u00f6r en fantastisk semestermilj\u00f6 d\u00e4r det finns mycket att g\u00f6ra s\u00e5v\u00e4l f\u00f6r semesterfirare som f\u00f6r lokalbefolkningen. F\u00f6r att v\u00e5r region skulle beh\u00e5lla sin dragningskraft \u00e4ven i framtiden ska ansvarsfulla f\u00f6rfaringss\u00e4tt, tj\u00e4nster och h\u00e5llbara val bli en del av allas v\u00e5r vardag. Med v\u00e5r verksamhet vill vi fr\u00e4mja h\u00e5llbar och h\u00f6gkvalitativ turism och betj\u00e4na alla v\u00e5ra kunder j\u00e4mlikt och med respekt f\u00f6r milj\u00f6n s\u00e5 att var och en av v\u00e5ra kunder f\u00e5r vara med om en unik Kalajoki-upplevelse.<\/p>\n<p style=\"text-align: center;\">Kalajoki Centralbokning har f\u00f6rbundit sig till att befr\u00e4mja h\u00e5llbar turism. Vi deltar i Visit Finlands program Sustainable Travel Finland f\u00f6r f\u00f6retagsspecifika kvalitetsm\u00e4rken om h\u00e5llbarhet. Genom programmet f\u00f6rbinder vi oss till kontinuerligt utvecklingsarbete och uppr\u00e4ttar v\u00e5r egen verksamhetsplan till st\u00f6d av h\u00e5llbar turism. Vid sidan av STF-programmet har vi genomf\u00f6rt v\u00e5rt eget milj\u00f6program f\u00f6r vilket vi har beviljats milj\u00f6certifikatet Ekokompassen. Vi har identifierat de konsekvenser som v\u00e5rt f\u00f6retag har f\u00f6r milj\u00f6n och f\u00f6rbundit oss till ansvarsfull verksamhet med h\u00e4nsyn till milj\u00f6aspekterna i de olika delomr\u00e5dena av v\u00e5r verksamhet.<\/p>\n<p>[\/vc_column_text][\/vc_column][\/vc_row][vc_row css_animation=&#8221;&#8221; row_type=&#8221;row&#8221; use_row_as_full_screen_section=&#8221;no&#8221; type=&#8221;full_width&#8221; angled_section=&#8221;no&#8221; text_align=&#8221;left&#8221; background_image_as_pattern=&#8221;without_pattern&#8221;][vc_column width=&#8221;1\/2&#8243;][vc_empty_space height=&#8221;80px&#8221;][vc_column_text css=&#8221;&#8221;]<\/p>\n<p style=\"text-align: center;\"><strong>V\u00c5RT L\u00d6FTE OM H\u00c5LLBAR TURISM<\/strong><\/p>\n<p style=\"text-align: center;\">Vi p\u00e5 Kalajoki Centralbokning lovar att f\u00f6r v\u00e5r del befr\u00e4mja turism som \u00e4r ekonomiskt, sociokulturellt och milj\u00f6m\u00e4ssigt mer h\u00e5llbar. Genom v\u00e5rt milj\u00f6program har vi f\u00f6rbundit oss till att ta v\u00e5rt milj\u00f6ansvar och att beakta de v\u00e4rderingar och f\u00f6rfaringss\u00e4tt som f\u00f6rknippas med h\u00e5llbar utveckling. Vi g\u00f6r principerna f\u00f6r h\u00e5llbar turism en del av v\u00e5r dagliga verksamhet och uppmanar ocks\u00e5 v\u00e5ra kunder och samarbetspartner att g\u00f6ra detsamma. Vi utbildar v\u00e5r personal s\u00e5 att de agerar i enlighet med v\u00e5rt f\u00f6retags v\u00e4rderingar och milj\u00f6l\u00f6fte.<\/p>\n<p style=\"text-align: center;\">Vi gynnar lokala produkter och tj\u00e4nsteleverant\u00f6rer och f\u00f6rbinder oss till ansvarsfulla ink\u00f6p och f\u00f6rfaringss\u00e4tt. Vi minimerar v\u00e5rt avfall och \u00e5tervinner s\u00e5 mycket som m\u00f6jligt. Vi ger anvisningar till \u00e4garna av de semesterbost\u00e4der vi f\u00f6rmedlar om tillr\u00e4cklig och adekvat avfallshantering. Vi ger anvisningar och informerar ocks\u00e5 v\u00e5ra kunder och turisterna i regionen om att agera med respekt f\u00f6r och utan att belasta naturen. Vi agerar budb\u00e4rare i milj\u00f6fr\u00e5gor mellan turisterna samt de lokala akt\u00f6rerna och Kalajoki stad.<\/p>\n<p>[\/vc_column_text][\/vc_column][vc_column width=&#8221;1\/2&#8243;][vc_empty_space height=&#8221;40px&#8221;][vc_single_image image=&#8221;41776&#8243; img_size=&#8221;large&#8221; css=&#8221;&#8221; qode_css_animation=&#8221;&#8221;][vc_empty_space height=&#8221;40px&#8221;][\/vc_column][\/vc_row][vc_row css_animation=&#8221;&#8221; row_type=&#8221;row&#8221; use_row_as_full_screen_section=&#8221;no&#8221; type=&#8221;full_width&#8221; angled_section=&#8221;no&#8221; text_align=&#8221;left&#8221; background_image_as_pattern=&#8221;without_pattern&#8221;][vc_column width=&#8221;1\/2&#8243;][vc_empty_space height=&#8221;140px&#8221;][vc_single_image image=&#8221;41765&#8243; img_size=&#8221;large&#8221; alignment=&#8221;center&#8221; css=&#8221;&#8221; qode_css_animation=&#8221;&#8221;][vc_empty_space height=&#8221;40px&#8221;][\/vc_column][vc_column width=&#8221;1\/2&#8243;][vc_column_text css=&#8221;&#8221;]<\/p>\n<p style=\"text-align: center;\"><strong>CERTIFIERAT H\u00c5LLBARHETSARBETE<\/strong><\/p>\n<p style=\"text-align: center;\">Vi har definierat tydliga h\u00e5llbarhetsm\u00e5l f\u00f6r de utvalda fokusomr\u00e5dena nedan, och varje m\u00e5l st\u00f6ds av konkreta \u00e5tg\u00e4rder.<\/p>\n<p style=\"text-align: center;\"><em>Upphandling<\/em><\/p>\n<p style=\"text-align: center;\">M\u00e5let \u00e4r att minimera ink\u00f6p av g\u00e5vor och reklammaterial som delas ut till kunder, \u00f6verg\u00e5 till immateriella g\u00e5vor och uppskattningar samt v\u00e4lja producenter\/leverant\u00f6rer som visar milj\u00f6ansvar.<\/p>\n<p style=\"text-align: center;\"><em>Kemikalier<\/em><\/p>\n<p style=\"text-align: center;\">M\u00e5let \u00e4r att minska m\u00e4ngden reng\u00f6ringsmedel som anv\u00e4nds och, n\u00e4r det \u00e4r m\u00f6jligt, ers\u00e4tta dem med milj\u00f6certifierade produkter.<\/p>\n<p style=\"text-align: center;\"><em>P\u00e5verkan<\/em><\/p>\n<p style=\"text-align: center;\">Att anv\u00e4nda v\u00e5rt h\u00e5llbarhetsarbete f\u00f6r att p\u00e5verka olika intressenter: stug\u00e4gare, kunder, medarbetare, staden, turistf\u00f6reningen, underleverant\u00f6rer och lokala f\u00f6retag.<\/p>\n<p style=\"text-align: center;\"><em>Logistik &amp; Mobilitet<\/em><\/p>\n<p style=\"text-align: center;\">Att minska br\u00e4nslef\u00f6rbrukningen och str\u00e4va efter att reducera bilanv\u00e4ndningen genom att planera st\u00e4drutter s\u00e5 effektivt som m\u00f6jligt.<\/p>\n<p style=\"text-align: center;\"><em>Avfall<\/em><\/p>\n<p style=\"text-align: center;\">Att minimera m\u00e4ngden avfall som uppst\u00e5r p\u00e5 kontoret och \u00e5tervinna allt kontorsavfall n\u00e4r det \u00e4r m\u00f6jligt.<\/p>\n<p style=\"text-align: center;\"><em>Socialt ansvar<\/em><\/p>\n<p style=\"text-align: center;\">Att fr\u00e4mja j\u00e4mlik, tillg\u00e4nglig och kundorienterad service som st\u00f6djer det lokala samh\u00e4llet, personalens v\u00e4lm\u00e5ende och ansvarsfulla val inom turismen.<\/p>\n<p style=\"text-align: center;\"><em>Kommunikation<\/em><\/p>\n<p style=\"text-align: center;\">Att st\u00e4rka v\u00e5r roll som en milj\u00f6ansvarig kommunikat\u00f6r och p\u00e5verkare inom hela turistomr\u00e5det samt agera som f\u00f6respr\u00e5kare f\u00f6r h\u00e5llbar turism.<\/p>\n<p>[\/vc_column_text][vc_empty_space height=&#8221;30px&#8221;][\/vc_column][\/vc_row][vc_row css_animation=&#8221;&#8221; row_type=&#8221;row&#8221; use_row_as_full_screen_section=&#8221;no&#8221; type=&#8221;full_width&#8221; angled_section=&#8221;no&#8221; text_align=&#8221;left&#8221; background_image_as_pattern=&#8221;without_pattern&#8221;][vc_column width=&#8221;1\/2&#8243;][vc_column_text css=&#8221;&#8221;]<\/p>\n<p style=\"text-align: center;\"><strong>EXEMPEL P\u00c5 KONKRETA \u00c5TGRDER SOM ING\u00c5R I V\u00c5RT MILJ\u00d6PROGRAM<\/strong><\/p>\n<p style=\"text-align: center;\">Vi har minskat m\u00e4ngden reng\u00f6ringsmedel som anv\u00e4nds vid stugst\u00e4dning och, n\u00e4r det \u00e4r m\u00f6jligt, ersatt dem med finska, milj\u00f6certifierade alternativ.<\/p>\n<p style=\"text-align: center;\">Vi planerar v\u00e5ra st\u00e4dfordonens rutter s\u00e5 effektivt som m\u00f6jligt f\u00f6r att undvika on\u00f6dig k\u00f6rning, spara br\u00e4nsle och minska utsl\u00e4ppen.<\/p>\n<p style=\"text-align: center;\">Vi prioriterar lokala produkter, tj\u00e4nster, underleverant\u00f6rer och arbetskraft. Vi anst\u00e4ller lokala unga f\u00f6r praktik och sommarjobb.<\/p>\n<p style=\"text-align: center;\">Vi anv\u00e4nder i stor utstr\u00e4ckning lokala tj\u00e4nster, s\u00e5som tv\u00e4tt, underh\u00e5ll, avfallshantering, underh\u00e5llning, bemanning, sport och fritid, marknadsf\u00f6ring och s\u00e4kerhetstj\u00e4nster.<\/p>\n<p style=\"text-align: center;\">V\u00e5ra arbetskl\u00e4der best\u00e5r av milj\u00f6certifierade textilier tillverkade av \u00e5tervunnet material och ink\u00f6pta fr\u00e5n en lokal leverant\u00f6r.<\/p>\n<p style=\"text-align: center;\">Vi \u00f6verg\u00e5r stegvis till ett pappersl\u00f6st kontor.<\/p>\n<p style=\"text-align: center;\">Vi minimerar v\u00e5ra ink\u00f6p och v\u00e4ljer de mest milj\u00f6v\u00e4nliga reklammaterial som finns tillg\u00e4ngliga.<\/p>\n<p style=\"text-align: center;\">Vi \u00e5tervinner allt avfall som uppst\u00e5r direkt i v\u00e5r verksamhet och v\u00e4gleder \u00e4ven bes\u00f6kare och stug\u00e4gare i avfallssortering och \u00e5tervinning.<\/p>\n<p style=\"text-align: center;\">Vi informerar om hur man reser till omr\u00e5det med kollektivtrafik, hur man r\u00f6r sig inom det kompakta turistomr\u00e5det till fots eller med cykel, och ordnar anslutningstransporter fr\u00e5n stationer till evenemang vid behov.<\/p>\n<p style=\"text-align: center;\">Som arbetsgemenskap deltar vi i olika milj\u00f6kampanjer, s\u00e5som Roskajahti och Miljoona Roskapussia.<\/p>\n<p style=\"text-align: center;\">Vi genomf\u00f6r regelbundet kund- och \u00e4garenk\u00e4ter f\u00f6r att kontinuerligt f\u00f6rb\u00e4ttra v\u00e5r verksamhet.<\/p>\n<p style=\"text-align: center;\">Vi str\u00e4var efter att p\u00e5verka omr\u00e5dets utveckling genom att g\u00f6ra milj\u00f6initiativ, till exempel f\u00f6r att f\u00f6rb\u00e4ttra \u00e5tervinningsm\u00f6jligheter och minska vattenf\u00f6rbrukningen i turistomr\u00e5det.<\/p>\n<p style=\"text-align: center;\">Vi erbjuder v\u00e5ra tj\u00e4nster via flera kanaler \u00e5ret runt f\u00f6r att s\u00e4kerst\u00e4lla tillg\u00e4nglighet f\u00f6r alla kundgrupper.<\/p>\n<p style=\"text-align: center;\">Vi fungerar som en informationspunkt f\u00f6r b\u00e5de bes\u00f6kare och lokalbefolkning och ger v\u00e4gledning om milj\u00f6 och lokala tj\u00e4nster.<\/p>\n<p style=\"text-align: center;\">Vi fungerar som en f\u00f6rmedlare av information om h\u00e5llbar turism mellan resen\u00e4rer och olika intressenter.<\/p>\n<p>[\/vc_column_text][\/vc_column][vc_column width=&#8221;1\/2&#8243;][vc_empty_space height=&#8221;60px&#8221;][vc_single_image image=&#8221;41850&#8243; img_size=&#8221;large&#8221; alignment=&#8221;center&#8221; css=&#8221;&#8221; qode_css_animation=&#8221;&#8221;][vc_empty_space height=&#8221;30px&#8221;][vc_single_image image=&#8221;41950&#8243; img_size=&#8221;large&#8221; alignment=&#8221;center&#8221; css=&#8221;&#8221; qode_css_animation=&#8221;&#8221;][\/vc_column][\/vc_row][vc_row css_animation=&#8221;&#8221; row_type=&#8221;row&#8221; use_row_as_full_screen_section=&#8221;no&#8221; type=&#8221;full_width&#8221; angled_section=&#8221;no&#8221; text_align=&#8221;left&#8221; background_image_as_pattern=&#8221;without_pattern&#8221;][vc_column width=&#8221;1\/2&#8243;][vc_empty_space height=&#8221;80px&#8221;][vc_single_image image=&#8221;41896&#8243; img_size=&#8221;large&#8221; alignment=&#8221;center&#8221; css=&#8221;&#8221; qode_css_animation=&#8221;&#8221;][vc_empty_space height=&#8221;40px&#8221;][\/vc_column][vc_column width=&#8221;1\/2&#8243;][vc_empty_space height=&#8221;15px&#8221;][vc_column_text css=&#8221;&#8221;]<\/p>\n<p style=\"text-align: center;\"><strong>DEN ANSVARSFULLA TURISTENS TIPS OM ATT SPARA ENERGI<\/strong><\/p>\n<p style=\"text-align: center;\">Undvik att \u00e4ndra p\u00e5 de f\u00f6rinst\u00e4llda rumstemperaturerna. H\u00e5ll f\u00f6nstren och balkongd\u00f6rren st\u00e4ngda f\u00f6r att inte sl\u00e4ppa ut v\u00e4rmen. V\u00e4dra snabbt med korsdrag.<\/p>\n<p style=\"text-align: center;\">Anv\u00e4nd sparsamt med vatten: ta korta duschar och undvik att ha vattnet rinnande i on\u00f6dan.<\/p>\n<p style=\"text-align: center;\">Tv\u00e4tta endast fulla maskiner i disk- och tv\u00e4ttmaskinen, anv\u00e4nd kort- och sparprogram samt l\u00e4gre temperaturer. Anv\u00e4nd torktumlaren\/torksk\u00e5pet endast vid behov.<\/p>\n<p style=\"text-align: center;\">Anv\u00e4nd elspisen och -ugnen effektivt, utnyttja f\u00f6r- och efterv\u00e4rmen. Anv\u00e4nd k\u00f6ksfl\u00e4kten endast vid behov. Anv\u00e4nd mikrov\u00e5gsugnen f\u00f6r att v\u00e4rma upp och tillaga sm\u00e5 matportioner.<\/p>\n<p style=\"text-align: center;\">V\u00e4rm upp bastun med urskillning.<\/p>\n<p style=\"text-align: center;\">Minimera belysningen och sl\u00e4ck lampan n\u00e4r du l\u00e4mnar rummet.<\/p>\n<p style=\"text-align: center;\">Anv\u00e4nd den \u00f6ppna spisen f\u00f6r v\u00e4rme och njut av st\u00e4mningen.<\/p>\n<p style=\"text-align: center;\">Kyl ned bostaden p\u00e5 ett smart s\u00e4tt p\u00e5 sommaren: h\u00e5ll d\u00f6rrar, f\u00f6nster och gardiner st\u00e4ngda under dagen, v\u00e4dra p\u00e5 natten d\u00e5 luften \u00e4r svalare och undvik anv\u00e4ndning av v\u00e4rmealstrande anordningar.<\/p>\n<p>[\/vc_column_text][\/vc_column][\/vc_row][vc_row css_animation=&#8221;&#8221; row_type=&#8221;row&#8221; use_row_as_full_screen_section=&#8221;no&#8221; type=&#8221;full_width&#8221; angled_section=&#8221;no&#8221; text_align=&#8221;left&#8221; background_image_as_pattern=&#8221;without_pattern&#8221;][vc_column][vc_empty_space height=&#8221;50px&#8221;][\/vc_column][\/vc_row]<\/p>\n<\/div>","protected":false},"excerpt":{"rendered":"<p>[vc_row css_animation=&#8221;&#8221; row_type=&#8221;row&#8221; use_row_as_full_screen_section=&#8221;no&#8221; type=&#8221;full_width&#8221; angled_section=&#8221;no&#8221; text_align=&#8221;left&#8221; background_image_as_pattern=&#8221;without_pattern&#8221;][vc_column][vc_empty_space height=&#8221;50px&#8221;][\/vc_column][\/vc_row][vc_row css_animation=&#8221;&#8221; row_type=&#8221;row&#8221; use_row_as_full_screen_section=&#8221;no&#8221; type=&#8221;full_width&#8221; angled_section=&#8221;no&#8221; text_align=&#8221;left&#8221; background_image_as_pattern=&#8221;without_pattern&#8221;][vc_column width=&#8221;1\/2&#8243;][vc_empty_space height=&#8221;60px&#8221;][vc_empty_space height=&#8221;60px&#8221;][vc_single_image image=&#8221;41937&#8243; img_size=&#8221;large&#8221; alignment=&#8221;center&#8221; css=&#8221;&#8221; qode_css_animation=&#8221;&#8221;][\/vc_column][vc_column width=&#8221;1\/2&#8243;][vc_empty_space height=&#8221;120px&#8221;][vc_column_text css=&#8221;&#8221;] H\u00c5LLBAR TURISM Kalajoki med sina ber\u00f6mda sanddyner och den unika havsnaturen runt om utg\u00f6r en fantastisk semestermilj\u00f6 d\u00e4r&#8230;<\/p>\n","protected":false},"author":13,"featured_media":0,"parent":0,"menu_order":0,"comment_status":"closed","ping_status":"closed","template":"","meta":{"footnotes":""},"class_list":["post-31149","page","type-page","status-publish","hentry"],"yoast_head":"<!-- This site is optimized with the Yoast SEO plugin v27.4 - https:\/\/yoast.com\/product\/yoast-seo-wordpress\/ -->\n<title>H\u00e5llbar turism - Kalajoki Keskusvaraamo<\/title>\n<meta name=\"robots\" content=\"index, follow, max-snippet:-1, max-image-preview:large, max-video-preview:-1\" \/>\n<link rel=\"canonical\" href=\"https:\/\/kalajokikeskusvaraamo.fi\/sv\/hallbar-turism\/\" \/>\n<meta property=\"og:locale\" content=\"sv_SE\" \/>\n<meta property=\"og:type\" content=\"article\" \/>\n<meta property=\"og:title\" content=\"H\u00e5llbar turism - Kalajoki Keskusvaraamo\" \/>\n<meta property=\"og:description\" content=\"[vc_row css_animation=&#8221;&#8221; row_type=&#8221;row&#8221; use_row_as_full_screen_section=&#8221;no&#8221; type=&#8221;full_width&#8221; angled_section=&#8221;no&#8221; text_align=&#8221;left&#8221; background_image_as_pattern=&#8221;without_pattern&#8221;][vc_column][vc_empty_space height=&#8221;50px&#8221;][\/vc_column][\/vc_row][vc_row css_animation=&#8221;&#8221; row_type=&#8221;row&#8221; use_row_as_full_screen_section=&#8221;no&#8221; type=&#8221;full_width&#8221; angled_section=&#8221;no&#8221; text_align=&#8221;left&#8221; background_image_as_pattern=&#8221;without_pattern&#8221;][vc_column width=&#8221;1\/2&#8243;][vc_empty_space height=&#8221;60px&#8221;][vc_empty_space height=&#8221;60px&#8221;][vc_single_image image=&#8221;41937&#8243; img_size=&#8221;large&#8221; alignment=&#8221;center&#8221; css=&#8221;&#8221; qode_css_animation=&#8221;&#8221;][\/vc_column][vc_column width=&#8221;1\/2&#8243;][vc_empty_space height=&#8221;120px&#8221;][vc_column_text css=&#8221;&#8221;] H\u00c5LLBAR TURISM Kalajoki med sina ber\u00f6mda sanddyner och den unika havsnaturen runt om utg\u00f6r en fantastisk semestermilj\u00f6 d\u00e4r...\" \/>\n<meta property=\"og:url\" content=\"https:\/\/kalajokikeskusvaraamo.fi\/sv\/hallbar-turism\/\" \/>\n<meta property=\"og:site_name\" content=\"Kalajoki Keskusvaraamo\" \/>\n<meta property=\"article:modified_time\" content=\"2026-01-15T13:19:03+00:00\" \/>\n<meta name=\"twitter:card\" content=\"summary_large_image\" \/>\n<meta name=\"twitter:label1\" content=\"Ber\u00e4knad l\u00e4stid\" \/>\n\t<meta name=\"twitter:data1\" content=\"8 minuter\" \/>\n<script type=\"application\/ld+json\" class=\"yoast-schema-graph\">{\"@context\":\"https:\\\/\\\/schema.org\",\"@graph\":[{\"@type\":\"WebPage\",\"@id\":\"https:\\\/\\\/kalajokikeskusvaraamo.fi\\\/sv\\\/hallbar-turism\\\/\",\"url\":\"https:\\\/\\\/kalajokikeskusvaraamo.fi\\\/sv\\\/hallbar-turism\\\/\",\"name\":\"H\u00e5llbar turism - Kalajoki Keskusvaraamo\",\"isPartOf\":{\"@id\":\"https:\\\/\\\/kalajokikeskusvaraamo.fi\\\/sv\\\/#website\"},\"datePublished\":\"2022-12-21T09:31:12+00:00\",\"dateModified\":\"2026-01-15T13:19:03+00:00\",\"breadcrumb\":{\"@id\":\"https:\\\/\\\/kalajokikeskusvaraamo.fi\\\/sv\\\/hallbar-turism\\\/#breadcrumb\"},\"inLanguage\":\"sv-SE\",\"potentialAction\":[{\"@type\":\"ReadAction\",\"target\":[\"https:\\\/\\\/kalajokikeskusvaraamo.fi\\\/sv\\\/hallbar-turism\\\/\"]}]},{\"@type\":\"BreadcrumbList\",\"@id\":\"https:\\\/\\\/kalajokikeskusvaraamo.fi\\\/sv\\\/hallbar-turism\\\/#breadcrumb\",\"itemListElement\":[{\"@type\":\"ListItem\",\"position\":1,\"name\":\"Home\",\"item\":\"https:\\\/\\\/kalajokikeskusvaraamo.fi\\\/sv\\\/\"},{\"@type\":\"ListItem\",\"position\":2,\"name\":\"H\u00e5llbar turism\"}]},{\"@type\":\"WebSite\",\"@id\":\"https:\\\/\\\/kalajokikeskusvaraamo.fi\\\/sv\\\/#website\",\"url\":\"https:\\\/\\\/kalajokikeskusvaraamo.fi\\\/sv\\\/\",\"name\":\"Kalajoki Keskusvaraamo\",\"description\":\"\",\"potentialAction\":[{\"@type\":\"SearchAction\",\"target\":{\"@type\":\"EntryPoint\",\"urlTemplate\":\"https:\\\/\\\/kalajokikeskusvaraamo.fi\\\/sv\\\/?s={search_term_string}\"},\"query-input\":{\"@type\":\"PropertyValueSpecification\",\"valueRequired\":true,\"valueName\":\"search_term_string\"}}],\"inLanguage\":\"sv-SE\"}]}<\/script>\n<!-- \/ Yoast SEO plugin. -->","yoast_head_json":{"title":"H\u00e5llbar turism - Kalajoki Keskusvaraamo","robots":{"index":"index","follow":"follow","max-snippet":"max-snippet:-1","max-image-preview":"max-image-preview:large","max-video-preview":"max-video-preview:-1"},"canonical":"https:\/\/kalajokikeskusvaraamo.fi\/sv\/hallbar-turism\/","og_locale":"sv_SE","og_type":"article","og_title":"H\u00e5llbar turism - Kalajoki Keskusvaraamo","og_description":"[vc_row css_animation=&#8221;&#8221; row_type=&#8221;row&#8221; use_row_as_full_screen_section=&#8221;no&#8221; type=&#8221;full_width&#8221; angled_section=&#8221;no&#8221; text_align=&#8221;left&#8221; background_image_as_pattern=&#8221;without_pattern&#8221;][vc_column][vc_empty_space height=&#8221;50px&#8221;][\/vc_column][\/vc_row][vc_row css_animation=&#8221;&#8221; row_type=&#8221;row&#8221; use_row_as_full_screen_section=&#8221;no&#8221; type=&#8221;full_width&#8221; angled_section=&#8221;no&#8221; text_align=&#8221;left&#8221; background_image_as_pattern=&#8221;without_pattern&#8221;][vc_column width=&#8221;1\/2&#8243;][vc_empty_space height=&#8221;60px&#8221;][vc_empty_space height=&#8221;60px&#8221;][vc_single_image image=&#8221;41937&#8243; img_size=&#8221;large&#8221; alignment=&#8221;center&#8221; css=&#8221;&#8221; qode_css_animation=&#8221;&#8221;][\/vc_column][vc_column width=&#8221;1\/2&#8243;][vc_empty_space height=&#8221;120px&#8221;][vc_column_text css=&#8221;&#8221;] H\u00c5LLBAR TURISM Kalajoki med sina ber\u00f6mda sanddyner och den unika havsnaturen runt om utg\u00f6r en fantastisk semestermilj\u00f6 d\u00e4r...","og_url":"https:\/\/kalajokikeskusvaraamo.fi\/sv\/hallbar-turism\/","og_site_name":"Kalajoki Keskusvaraamo","article_modified_time":"2026-01-15T13:19:03+00:00","twitter_card":"summary_large_image","twitter_misc":{"Ber\u00e4knad l\u00e4stid":"8 minuter"},"schema":{"@context":"https:\/\/schema.org","@graph":[{"@type":"WebPage","@id":"https:\/\/kalajokikeskusvaraamo.fi\/sv\/hallbar-turism\/","url":"https:\/\/kalajokikeskusvaraamo.fi\/sv\/hallbar-turism\/","name":"H\u00e5llbar turism - Kalajoki Keskusvaraamo","isPartOf":{"@id":"https:\/\/kalajokikeskusvaraamo.fi\/sv\/#website"},"datePublished":"2022-12-21T09:31:12+00:00","dateModified":"2026-01-15T13:19:03+00:00","breadcrumb":{"@id":"https:\/\/kalajokikeskusvaraamo.fi\/sv\/hallbar-turism\/#breadcrumb"},"inLanguage":"sv-SE","potentialAction":[{"@type":"ReadAction","target":["https:\/\/kalajokikeskusvaraamo.fi\/sv\/hallbar-turism\/"]}]},{"@type":"BreadcrumbList","@id":"https:\/\/kalajokikeskusvaraamo.fi\/sv\/hallbar-turism\/#breadcrumb","itemListElement":[{"@type":"ListItem","position":1,"name":"Home","item":"https:\/\/kalajokikeskusvaraamo.fi\/sv\/"},{"@type":"ListItem","position":2,"name":"H\u00e5llbar turism"}]},{"@type":"WebSite","@id":"https:\/\/kalajokikeskusvaraamo.fi\/sv\/#website","url":"https:\/\/kalajokikeskusvaraamo.fi\/sv\/","name":"Kalajoki Keskusvaraamo","description":"","potentialAction":[{"@type":"SearchAction","target":{"@type":"EntryPoint","urlTemplate":"https:\/\/kalajokikeskusvaraamo.fi\/sv\/?s={search_term_string}"},"query-input":{"@type":"PropertyValueSpecification","valueRequired":true,"valueName":"search_term_string"}}],"inLanguage":"sv-SE"}]}},"_links":{"self":[{"href":"https:\/\/kalajokikeskusvaraamo.fi\/sv\/wp-json\/wp\/v2\/pages\/31149","targetHints":{"allow":["GET"]}}],"collection":[{"href":"https:\/\/kalajokikeskusvaraamo.fi\/sv\/wp-json\/wp\/v2\/pages"}],"about":[{"href":"https:\/\/kalajokikeskusvaraamo.fi\/sv\/wp-json\/wp\/v2\/types\/page"}],"author":[{"embeddable":true,"href":"https:\/\/kalajokikeskusvaraamo.fi\/sv\/wp-json\/wp\/v2\/users\/13"}],"replies":[{"embeddable":true,"href":"https:\/\/kalajokikeskusvaraamo.fi\/sv\/wp-json\/wp\/v2\/comments?post=31149"}],"version-history":[{"count":14,"href":"https:\/\/kalajokikeskusvaraamo.fi\/sv\/wp-json\/wp\/v2\/pages\/31149\/revisions"}],"predecessor-version":[{"id":41980,"href":"https:\/\/kalajokikeskusvaraamo.fi\/sv\/wp-json\/wp\/v2\/pages\/31149\/revisions\/41980"}],"wp:attachment":[{"href":"https:\/\/kalajokikeskusvaraamo.fi\/sv\/wp-json\/wp\/v2\/media?parent=31149"}],"curies":[{"name":"wp","href":"https:\/\/api.w.org\/{rel}","templated":true}]}}