{"id":19264,"date":"2020-11-13T14:48:40","date_gmt":"2020-11-13T12:48:40","guid":{"rendered":"https:\/\/kalajokikeskusvaraamo.fi\/centralbokning\/"},"modified":"2025-11-07T14:59:19","modified_gmt":"2025-11-07T12:59:19","slug":"centralbokning","status":"publish","type":"page","link":"https:\/\/kalajokikeskusvaraamo.fi\/sv\/centralbokning\/","title":{"rendered":"Centralbokning"},"content":{"rendered":"<div class=\"wpb-content-wrapper\"><p>[vc_row css_animation=&#8221;&#8221; row_type=&#8221;row&#8221; use_row_as_full_screen_section=&#8221;no&#8221; type=&#8221;full_width&#8221; angled_section=&#8221;no&#8221; text_align=&#8221;left&#8221; background_image_as_pattern=&#8221;without_pattern&#8221;][vc_column]\t\t\t<script src=\"\/\/kalajokikeskusvaraamo.fi\/wp-content\/plugins\/revslider\/sr6\/assets\/js\/rbtools.min.js?rev=6.7.40\"><\/script>\n\t\t\t<script src=\"\/\/kalajokikeskusvaraamo.fi\/wp-content\/plugins\/revslider\/sr6\/assets\/js\/rs6.min.js?rev=6.7.40\"><\/script>\n\n\t\t\t<!-- START Centralbokning REVOLUTION SLIDER 6.7.40 --><p class=\"rs-p-wp-fix\"><\/p>\n\t\t\t<rs-module-wrap id=\"rev_slider_208_1_wrapper\" data-source=\"gallery\" style=\"visibility:hidden;background:transparent;padding:0;margin:0px auto;margin-top:0;margin-bottom:0;\">\n\t\t\t\t<rs-module id=\"rev_slider_208_1\" style=\"\" data-version=\"6.7.40\">\n\t\t\t\t\t<rs-slides style=\"overflow: hidden; position: absolute;\">\n\t\t\t\t\t\t<rs-slide style=\"position: absolute;\" data-key=\"rs-328\" data-title=\"Centralbokning\" data-anim=\"ms:10;\" data-in=\"o:1;\" data-out=\"a:false;\">\n\t\t\t\t\t\t\t<img decoding=\"async\" src=\"https:\/\/e6e6jux4p2d.exactdn.com\/wp-content\/plugins\/revslider\/sr6\/assets\/assets\/dummy.png\" alt=\"\" title=\"Hiekkas\u00e4rk\u00e4t(1)\" width=\"2048\" height=\"1240\" class=\"rev-slidebg tp-rs-img rs-lazyload\" data-lazyload=\"https:\/\/e6e6jux4p2d.exactdn.com\/wp-content\/uploads\/2023\/08\/Hiekkasarkat1.jpg?strip=all&resize=1060%2C642\" data-bg=\"p:0% 57%;\" data-parallax=\"off\" data-no-retina>\n<!--\n\t\t\t\t\t\t\t--><h2\n\t\t\t\t\t\t\t\tid=\"slider-208-slide-328-layer-1\" \n\t\t\t\t\t\t\t\tclass=\"rs-layer rs-selectable\"\n\t\t\t\t\t\t\t\tdata-type=\"text\"\n\t\t\t\t\t\t\t\tdata-color=\"#000000\"\n\t\t\t\t\t\t\t\tdata-rsp_ch=\"on\"\n\t\t\t\t\t\t\t\tdata-xy=\"x:c;y:c;\"\n\t\t\t\t\t\t\t\tdata-text=\"s:62;l:72;ls:0px;fw:700;a:inherit;\"\n\t\t\t\t\t\t\t\tdata-frame_1=\"sR:10;\"\n\t\t\t\t\t\t\t\tdata-frame_999=\"o:0;st:w;sR:8690.0006103516;\"\n\t\t\t\t\t\t\t\tstyle=\"z-index:5;font-family:'Poppins';text-shadow:1px 1px 2px rgba(0,0,0,.4);\"\n\t\t\t\t\t\t\t>Kalajoki Centralbokning \n\t\t\t\t\t\t\t<\/h2><!--\n-->\t\t\t\t\t<\/rs-slide>\n\t\t\t\t\t<\/rs-slides>\n\t\t\t\t<\/rs-module>\n\t\t\t\t<script>\n\t\t\t\t\tsetREVStartSize({c: 'rev_slider_208_1',rl:[1240,1024,778,480],el:[420],gw:[1240],gh:[420],type:'hero',justify:'',layout:'fullwidth',mh:\"420\"});if (window.RS_MODULES!==undefined && window.RS_MODULES.modules!==undefined && window.RS_MODULES.modules[\"revslider2081\"]!==undefined) {window.RS_MODULES.modules[\"revslider2081\"].once = false;window.revapi208 = undefined;if (window.RS_MODULES.checkMinimal!==undefined) window.RS_MODULES.checkMinimal()}\n\t\t\t\t<\/script>\n\t\t\t<\/rs-module-wrap>\n\t\t\t<!-- END REVOLUTION SLIDER -->\n[\/vc_column][\/vc_row][vc_row css_animation=&#8221;&#8221; row_type=&#8221;row&#8221; use_row_as_full_screen_section=&#8221;no&#8221; type=&#8221;grid&#8221; angled_section=&#8221;no&#8221; text_align=&#8221;center&#8221; background_image_as_pattern=&#8221;without_pattern&#8221; background_color=&#8221;#ffffff&#8221;][vc_column offset=&#8221;vc_col-lg-offset-1 vc_col-lg-10 vc_col-md-offset-0 vc_col-md-12 vc_col-sm-offset-0&#8243; css=&#8221;.vc_custom_1588225126685{padding-top: 4% !important;padding-right: 15% !important;padding-left: 15% !important;}&#8221;][vc_column_text]<\/p>\n<h1 style=\"text-align: center;\">Vi tj\u00e4nar<\/h1>\n<p>[\/vc_column_text][vc_column_text]V\u00e5rt kontor betj\u00e4nar p\u00e5 Matkailutie 312 i Hiekkas\u00e4rkk\u00e4 omr\u00e5det, bredvid ABC gas station.<br \/>\nVi \u00e4r ocks\u00e5 regional turistinformation s\u00e5 att du kan f\u00e5 tips om vandringsleder, kartor och v\u00e4gledning fr\u00e5n omr\u00e5det med lokal kunskap.[\/vc_column_text][\/vc_column][\/vc_row][vc_row css_animation=&#8221;&#8221; row_type=&#8221;row&#8221; use_row_as_full_screen_section=&#8221;no&#8221; type=&#8221;grid&#8221; angled_section=&#8221;no&#8221; text_align=&#8221;left&#8221; background_image_as_pattern=&#8221;without_pattern&#8221; background_color=&#8221;#ffffff&#8221; padding_bottom=&#8221;15&#8243; el_class=&#8221;home_matkatoimistotyypit&#8221; css=&#8221;.vc_custom_1588225132804{padding-top: 3% !important;}&#8221; z_index=&#8221;&#8221;][vc_column offset=&#8221;vc_col-lg-4 vc_col-md-4&#8243;][vc_single_image image=&#8221;40910&#8243; img_size=&#8221;full&#8221; onclick=&#8221;custom_link&#8221; img_link_target=&#8221;_blank&#8221; css=&#8221;&#8221; qode_css_animation=&#8221;element_from_fade&#8221; qode_hover_animation=&#8221;zoom_in&#8221; link=&#8221;https:\/\/kalajokikeskusvaraamo.fi\/wp-content\/uploads\/2025\/11\/Ajo-ohje-toimistolle-FINENG-1.jpg&#8221;][vc_column_text css=&#8221;&#8221;]<strong>NYCKELSAMLING<\/strong> fr\u00e5n <strong>v\u00e5rt kontor<\/strong> (Matkailutie 312) p\u00e5 ankomstdagen <strong>fr\u00e5n kl.16<\/strong>. Med v\u00e5rt kontor st\u00e4ngt, nyckelsamling fr\u00e5n <strong>nyckell\u00e5dor<\/strong> som ligger bredvid M\u00f6tesplats Loisto v\u00e4nstra entr\u00e9.<\/p>\n<p><strong>NYCKELRETUR<\/strong> p\u00e5 avresedagen <strong>kl.12<\/strong> till l\u00e5sta postl\u00e5dan bredvid ytterd\u00f6rren p\u00e5 kontoret.[\/vc_column_text][vc_separator type=&#8221;transparent&#8221; up=&#8221;35&#8243; down=&#8221;0&#8243;][\/vc_column][vc_column offset=&#8221;vc_col-lg-4 vc_col-md-4&#8243;][vc_single_image image=&#8221;27936&#8243; img_size=&#8221;full&#8221; qode_css_animation=&#8221;element_from_fade&#8221;][vc_column_text]\n<table id=\"tablepress-10\" class=\"tablepress tablepress-id-10 tablepress-fontsize-small\">\n<thead>\n<tr class=\"row-1\">\n\t<th class=\"column-1\">V\u00e5rt kontor \u00e4r \u00f6ppet<\/th><th class=\"column-2\">11.8.2025 - 12.6.2026<\/th><th class=\"column-3\">13.6.-10.8.2025<\/th>\n<\/tr>\n<\/thead>\n<tbody class=\"row-striping row-hover\">\n<tr class=\"row-2\">\n\t<td class=\"column-1\">Mon-Fre<\/td><td class=\"column-2\">9-17<\/td><td class=\"column-3\">9-19<\/td>\n<\/tr>\n<tr class=\"row-3\">\n\t<td class=\"column-1\">L\u00f6rdag<\/td><td class=\"column-2\">10-18<\/td><td class=\"column-3\">10-18<\/td>\n<\/tr>\n<tr class=\"row-4\">\n\t<td class=\"column-1\">S\u00f6ndag<\/td><td class=\"column-2\">st\u00e4ngd<\/td><td class=\"column-3\">10-18<\/td>\n<\/tr>\n<\/tbody>\n<\/table>\n<!-- #tablepress-10 from cache -->[\/vc_column_text][\/vc_column][vc_column offset=&#8221;vc_col-lg-4 vc_col-md-4&#8243;][vc_single_image image=&#8221;15893&#8243; img_size=&#8221;full&#8221; qode_css_animation=&#8221;element_from_fade&#8221;][vc_column_text]<strong>Vi hyr <\/strong>ocks\u00e5 v\u00e5ra fastigheter f\u00f6r l\u00e4ngre anv\u00e4ndning varje vecka eller m\u00e5nad.<br \/>\nAlla v\u00e5ra destinationer \u00e4r m\u00f6blerad, med bastu och v\u00e4lutrustade l\u00e4genheter.<br \/>\nFr\u00e5ga mer fr\u00e5n v\u00e5rt kontor och identifiera l\u00e4mpliga alternativ f\u00f6r dina beh\u00f6v![\/vc_column_text][\/vc_column][\/vc_row]<\/p>\n<\/div>","protected":false},"excerpt":{"rendered":"<p>[vc_row css_animation=&#8221;&#8221; row_type=&#8221;row&#8221; use_row_as_full_screen_section=&#8221;no&#8221; type=&#8221;full_width&#8221; angled_section=&#8221;no&#8221; text_align=&#8221;left&#8221; background_image_as_pattern=&#8221;without_pattern&#8221;][vc_column][\/vc_column][\/vc_row][vc_row css_animation=&#8221;&#8221; row_type=&#8221;row&#8221; use_row_as_full_screen_section=&#8221;no&#8221; type=&#8221;grid&#8221; angled_section=&#8221;no&#8221; text_align=&#8221;center&#8221; background_image_as_pattern=&#8221;without_pattern&#8221; background_color=&#8221;#ffffff&#8221;][vc_column offset=&#8221;vc_col-lg-offset-1 vc_col-lg-10 vc_col-md-offset-0 vc_col-md-12 vc_col-sm-offset-0&#8243; css=&#8221;.vc_custom_1588225126685{padding-top: 4% !important;padding-right: 15% !important;padding-left: 15% !important;}&#8221;][vc_column_text] Vi tj\u00e4nar [\/vc_column_text][vc_column_text]V\u00e5rt kontor betj\u00e4nar p\u00e5 Matkailutie 312 i Hiekkas\u00e4rkk\u00e4 omr\u00e5det, bredvid ABC gas station. Vi \u00e4r&#8230;<\/p>\n","protected":false},"author":1,"featured_media":0,"parent":0,"menu_order":0,"comment_status":"closed","ping_status":"closed","template":"full_width.php","meta":{"footnotes":""},"class_list":["post-19264","page","type-page","status-publish","hentry"],"yoast_head":"<!-- This site is optimized with the Yoast SEO plugin v27.4 - https:\/\/yoast.com\/product\/yoast-seo-wordpress\/ -->\n<title>Centralbokning - Kalajoki Keskusvaraamo<\/title>\n<meta name=\"robots\" content=\"index, follow, max-snippet:-1, max-image-preview:large, max-video-preview:-1\" \/>\n<link rel=\"canonical\" href=\"https:\/\/kalajokikeskusvaraamo.fi\/sv\/centralbokning\/\" \/>\n<meta property=\"og:locale\" content=\"sv_SE\" \/>\n<meta property=\"og:type\" content=\"article\" \/>\n<meta property=\"og:title\" content=\"Centralbokning - Kalajoki Keskusvaraamo\" \/>\n<meta property=\"og:description\" content=\"[vc_row css_animation=&#8221;&#8221; row_type=&#8221;row&#8221; use_row_as_full_screen_section=&#8221;no&#8221; type=&#8221;full_width&#8221; angled_section=&#8221;no&#8221; text_align=&#8221;left&#8221; background_image_as_pattern=&#8221;without_pattern&#8221;][vc_column][\/vc_column][\/vc_row][vc_row css_animation=&#8221;&#8221; row_type=&#8221;row&#8221; use_row_as_full_screen_section=&#8221;no&#8221; type=&#8221;grid&#8221; angled_section=&#8221;no&#8221; text_align=&#8221;center&#8221; background_image_as_pattern=&#8221;without_pattern&#8221; background_color=&#8221;#ffffff&#8221;][vc_column offset=&#8221;vc_col-lg-offset-1 vc_col-lg-10 vc_col-md-offset-0 vc_col-md-12 vc_col-sm-offset-0&#8243; css=&#8221;.vc_custom_1588225126685{padding-top: 4% !important;padding-right: 15% !important;padding-left: 15% !important;}&#8221;][vc_column_text] Vi tj\u00e4nar [\/vc_column_text][vc_column_text]V\u00e5rt kontor betj\u00e4nar p\u00e5 Matkailutie 312 i Hiekkas\u00e4rkk\u00e4 omr\u00e5det, bredvid ABC gas station. Vi \u00e4r...\" \/>\n<meta property=\"og:url\" content=\"https:\/\/kalajokikeskusvaraamo.fi\/sv\/centralbokning\/\" \/>\n<meta property=\"og:site_name\" content=\"Kalajoki Keskusvaraamo\" \/>\n<meta property=\"article:modified_time\" content=\"2025-11-07T12:59:19+00:00\" \/>\n<meta name=\"twitter:card\" content=\"summary_large_image\" \/>\n<meta name=\"twitter:label1\" content=\"Ber\u00e4knad l\u00e4stid\" \/>\n\t<meta name=\"twitter:data1\" content=\"2 minuter\" \/>\n<script type=\"application\/ld+json\" class=\"yoast-schema-graph\">{\"@context\":\"https:\\\/\\\/schema.org\",\"@graph\":[{\"@type\":\"WebPage\",\"@id\":\"https:\\\/\\\/kalajokikeskusvaraamo.fi\\\/sv\\\/centralbokning\\\/\",\"url\":\"https:\\\/\\\/kalajokikeskusvaraamo.fi\\\/sv\\\/centralbokning\\\/\",\"name\":\"Centralbokning - Kalajoki Keskusvaraamo\",\"isPartOf\":{\"@id\":\"https:\\\/\\\/kalajokikeskusvaraamo.fi\\\/sv\\\/#website\"},\"datePublished\":\"2020-11-13T12:48:40+00:00\",\"dateModified\":\"2025-11-07T12:59:19+00:00\",\"breadcrumb\":{\"@id\":\"https:\\\/\\\/kalajokikeskusvaraamo.fi\\\/sv\\\/centralbokning\\\/#breadcrumb\"},\"inLanguage\":\"sv-SE\",\"potentialAction\":[{\"@type\":\"ReadAction\",\"target\":[\"https:\\\/\\\/kalajokikeskusvaraamo.fi\\\/sv\\\/centralbokning\\\/\"]}]},{\"@type\":\"BreadcrumbList\",\"@id\":\"https:\\\/\\\/kalajokikeskusvaraamo.fi\\\/sv\\\/centralbokning\\\/#breadcrumb\",\"itemListElement\":[{\"@type\":\"ListItem\",\"position\":1,\"name\":\"Home\",\"item\":\"https:\\\/\\\/kalajokikeskusvaraamo.fi\\\/sv\\\/\"},{\"@type\":\"ListItem\",\"position\":2,\"name\":\"Centralbokning\"}]},{\"@type\":\"WebSite\",\"@id\":\"https:\\\/\\\/kalajokikeskusvaraamo.fi\\\/sv\\\/#website\",\"url\":\"https:\\\/\\\/kalajokikeskusvaraamo.fi\\\/sv\\\/\",\"name\":\"Kalajoki Keskusvaraamo\",\"description\":\"\",\"potentialAction\":[{\"@type\":\"SearchAction\",\"target\":{\"@type\":\"EntryPoint\",\"urlTemplate\":\"https:\\\/\\\/kalajokikeskusvaraamo.fi\\\/sv\\\/?s={search_term_string}\"},\"query-input\":{\"@type\":\"PropertyValueSpecification\",\"valueRequired\":true,\"valueName\":\"search_term_string\"}}],\"inLanguage\":\"sv-SE\"}]}<\/script>\n<!-- \/ Yoast SEO plugin. -->","yoast_head_json":{"title":"Centralbokning - Kalajoki Keskusvaraamo","robots":{"index":"index","follow":"follow","max-snippet":"max-snippet:-1","max-image-preview":"max-image-preview:large","max-video-preview":"max-video-preview:-1"},"canonical":"https:\/\/kalajokikeskusvaraamo.fi\/sv\/centralbokning\/","og_locale":"sv_SE","og_type":"article","og_title":"Centralbokning - Kalajoki Keskusvaraamo","og_description":"[vc_row css_animation=&#8221;&#8221; row_type=&#8221;row&#8221; use_row_as_full_screen_section=&#8221;no&#8221; type=&#8221;full_width&#8221; angled_section=&#8221;no&#8221; text_align=&#8221;left&#8221; background_image_as_pattern=&#8221;without_pattern&#8221;][vc_column][\/vc_column][\/vc_row][vc_row css_animation=&#8221;&#8221; row_type=&#8221;row&#8221; use_row_as_full_screen_section=&#8221;no&#8221; type=&#8221;grid&#8221; angled_section=&#8221;no&#8221; text_align=&#8221;center&#8221; background_image_as_pattern=&#8221;without_pattern&#8221; background_color=&#8221;#ffffff&#8221;][vc_column offset=&#8221;vc_col-lg-offset-1 vc_col-lg-10 vc_col-md-offset-0 vc_col-md-12 vc_col-sm-offset-0&#8243; css=&#8221;.vc_custom_1588225126685{padding-top: 4% !important;padding-right: 15% !important;padding-left: 15% !important;}&#8221;][vc_column_text] Vi tj\u00e4nar [\/vc_column_text][vc_column_text]V\u00e5rt kontor betj\u00e4nar p\u00e5 Matkailutie 312 i Hiekkas\u00e4rkk\u00e4 omr\u00e5det, bredvid ABC gas station. Vi \u00e4r...","og_url":"https:\/\/kalajokikeskusvaraamo.fi\/sv\/centralbokning\/","og_site_name":"Kalajoki Keskusvaraamo","article_modified_time":"2025-11-07T12:59:19+00:00","twitter_card":"summary_large_image","twitter_misc":{"Ber\u00e4knad l\u00e4stid":"2 minuter"},"schema":{"@context":"https:\/\/schema.org","@graph":[{"@type":"WebPage","@id":"https:\/\/kalajokikeskusvaraamo.fi\/sv\/centralbokning\/","url":"https:\/\/kalajokikeskusvaraamo.fi\/sv\/centralbokning\/","name":"Centralbokning - Kalajoki Keskusvaraamo","isPartOf":{"@id":"https:\/\/kalajokikeskusvaraamo.fi\/sv\/#website"},"datePublished":"2020-11-13T12:48:40+00:00","dateModified":"2025-11-07T12:59:19+00:00","breadcrumb":{"@id":"https:\/\/kalajokikeskusvaraamo.fi\/sv\/centralbokning\/#breadcrumb"},"inLanguage":"sv-SE","potentialAction":[{"@type":"ReadAction","target":["https:\/\/kalajokikeskusvaraamo.fi\/sv\/centralbokning\/"]}]},{"@type":"BreadcrumbList","@id":"https:\/\/kalajokikeskusvaraamo.fi\/sv\/centralbokning\/#breadcrumb","itemListElement":[{"@type":"ListItem","position":1,"name":"Home","item":"https:\/\/kalajokikeskusvaraamo.fi\/sv\/"},{"@type":"ListItem","position":2,"name":"Centralbokning"}]},{"@type":"WebSite","@id":"https:\/\/kalajokikeskusvaraamo.fi\/sv\/#website","url":"https:\/\/kalajokikeskusvaraamo.fi\/sv\/","name":"Kalajoki Keskusvaraamo","description":"","potentialAction":[{"@type":"SearchAction","target":{"@type":"EntryPoint","urlTemplate":"https:\/\/kalajokikeskusvaraamo.fi\/sv\/?s={search_term_string}"},"query-input":{"@type":"PropertyValueSpecification","valueRequired":true,"valueName":"search_term_string"}}],"inLanguage":"sv-SE"}]}},"_links":{"self":[{"href":"https:\/\/kalajokikeskusvaraamo.fi\/sv\/wp-json\/wp\/v2\/pages\/19264","targetHints":{"allow":["GET"]}}],"collection":[{"href":"https:\/\/kalajokikeskusvaraamo.fi\/sv\/wp-json\/wp\/v2\/pages"}],"about":[{"href":"https:\/\/kalajokikeskusvaraamo.fi\/sv\/wp-json\/wp\/v2\/types\/page"}],"author":[{"embeddable":true,"href":"https:\/\/kalajokikeskusvaraamo.fi\/sv\/wp-json\/wp\/v2\/users\/1"}],"replies":[{"embeddable":true,"href":"https:\/\/kalajokikeskusvaraamo.fi\/sv\/wp-json\/wp\/v2\/comments?post=19264"}],"version-history":[{"count":11,"href":"https:\/\/kalajokikeskusvaraamo.fi\/sv\/wp-json\/wp\/v2\/pages\/19264\/revisions"}],"predecessor-version":[{"id":40924,"href":"https:\/\/kalajokikeskusvaraamo.fi\/sv\/wp-json\/wp\/v2\/pages\/19264\/revisions\/40924"}],"wp:attachment":[{"href":"https:\/\/kalajokikeskusvaraamo.fi\/sv\/wp-json\/wp\/v2\/media?parent=19264"}],"curies":[{"name":"wp","href":"https:\/\/api.w.org\/{rel}","templated":true}]}}