{"id":19256,"date":"2020-11-13T12:59:16","date_gmt":"2020-11-13T10:59:16","guid":{"rendered":"https:\/\/kalajokikeskusvaraamo.fi\/tapahtumat\/"},"modified":"2026-01-13T16:01:02","modified_gmt":"2026-01-13T14:01:02","slug":"evenemang","status":"publish","type":"page","link":"https:\/\/kalajokikeskusvaraamo.fi\/sv\/evenemang\/","title":{"rendered":"Evenemang"},"content":{"rendered":"<div class=\"wpb-content-wrapper\"><p>[vc_row css_animation=&#8221;&#8221; row_type=&#8221;row&#8221; use_row_as_full_screen_section=&#8221;no&#8221; type=&#8221;full_width&#8221; angled_section=&#8221;no&#8221; text_align=&#8221;left&#8221; background_image_as_pattern=&#8221;without_pattern&#8221;][vc_column]\t\t\t<script src=\"\/\/kalajokikeskusvaraamo.fi\/wp-content\/plugins\/revslider\/sr6\/assets\/js\/rbtools.min.js?rev=6.7.40\"><\/script>\n\t\t\t<script src=\"\/\/kalajokikeskusvaraamo.fi\/wp-content\/plugins\/revslider\/sr6\/assets\/js\/rs6.min.js?rev=6.7.40\"><\/script>\n\n\t\t\t<!-- START Evenemangen REVOLUTION SLIDER 6.7.40 --><p class=\"rs-p-wp-fix\"><\/p>\n\t\t\t<rs-module-wrap id=\"rev_slider_209_1_wrapper\" data-source=\"gallery\" style=\"visibility:hidden;background:transparent;padding:0;margin:0px auto;margin-top:0;margin-bottom:0;\">\n\t\t\t\t<rs-module id=\"rev_slider_209_1\" style=\"\" data-version=\"6.7.40\">\n\t\t\t\t\t<rs-slides style=\"overflow: hidden; position: absolute;\">\n\t\t\t\t\t\t<rs-slide style=\"position: absolute;\" data-key=\"rs-329\" data-title=\"Evenemangen\" data-in=\"o:1;\" data-out=\"o:1;\">\n\t\t\t\t\t\t\t<img decoding=\"async\" src=\"https:\/\/e6e6jux4p2d.exactdn.com\/wp-content\/plugins\/revslider\/sr6\/assets\/assets\/dummy.png\" alt=\"tapahtumat kalajoki, tekemist\u00e4 kalajoki\" title=\"Kaladogi (2)\" width=\"1920\" height=\"1281\" class=\"rev-slidebg tp-rs-img rs-lazyload\" data-lazyload=\"\/\/sites1.matkaverkko.fi\/kalajokikv\/wp-content\/uploads\/2020\/01\/Kaladogi-2-scaled.jpg\" data-parallax=\"off\" data-no-retina>\n<!--\n\t\t\t\t\t\t\t--><h2\n\t\t\t\t\t\t\t\tid=\"slider-209-slide-329-layer-1\" \n\t\t\t\t\t\t\t\tclass=\"rs-layer rs-selectable\"\n\t\t\t\t\t\t\t\tdata-type=\"text\"\n\t\t\t\t\t\t\t\tdata-color=\"#ffffff\"\n\t\t\t\t\t\t\t\tdata-rsp_ch=\"on\"\n\t\t\t\t\t\t\t\tdata-xy=\"x:c;xo:1px;y:c;\"\n\t\t\t\t\t\t\t\tdata-text=\"s:62;l:72;ls:0px;fw:700;a:inherit;\"\n\t\t\t\t\t\t\t\tdata-frame_0=\"tp:600;\"\n\t\t\t\t\t\t\t\tdata-frame_1=\"tp:600;sR:10;\"\n\t\t\t\t\t\t\t\tdata-frame_999=\"o:0;tp:600;st:w;sR:8690.0006103516;\"\n\t\t\t\t\t\t\t\tstyle=\"z-index:5;font-family:'Poppins';text-shadow:1px 1px 2px rgba(0,0,0,.4);\"\n\t\t\t\t\t\t\t>Evenemangen \n\t\t\t\t\t\t\t<\/h2><!--\n-->\t\t\t\t\t<\/rs-slide>\n\t\t\t\t\t<\/rs-slides>\n\t\t\t\t<\/rs-module>\n\t\t\t\t<script>\n\t\t\t\t\tsetREVStartSize({c: 'rev_slider_209_1',rl:[1240,1024,778,480],el:[420],gw:[1240],gh:[420],type:'hero',justify:'',layout:'fullwidth',mh:\"420\"});if (window.RS_MODULES!==undefined && window.RS_MODULES.modules!==undefined && window.RS_MODULES.modules[\"revslider2091\"]!==undefined) {window.RS_MODULES.modules[\"revslider2091\"].once = false;window.revapi209 = undefined;if (window.RS_MODULES.checkMinimal!==undefined) window.RS_MODULES.checkMinimal()}\n\t\t\t\t<\/script>\n\t\t\t<\/rs-module-wrap>\n\t\t\t<!-- END REVOLUTION SLIDER -->\n[\/vc_column][\/vc_row][vc_row css_animation=&#8221;&#8221; row_type=&#8221;row&#8221; use_row_as_full_screen_section=&#8221;no&#8221; type=&#8221;grid&#8221; angled_section=&#8221;no&#8221; text_align=&#8221;center&#8221; background_image_as_pattern=&#8221;without_pattern&#8221; background_color=&#8221;#ffffff&#8221;][vc_column offset=&#8221;vc_col-lg-offset-1 vc_col-lg-10 vc_col-md-offset-0 vc_col-md-12 vc_col-sm-offset-0&#8243; css=&#8221;.vc_custom_1588225763663{padding-top: 4% !important;padding-right: 5% !important;padding-left: 5% !important;}&#8221;][vc_column_text]<\/p>\n<h1 style=\"text-align: center;\">Upplev Kalajoki<\/h1>\n<p>[\/vc_column_text][vc_column_text]Det finns massor av evenemang i Kalajoki \u00e5ret runt!<br \/>\nMissa inte n\u00e5gonting, boka din inkvartering i tid via Centralbokningen och s\u00e4tt kursen mot Kalajoki!<br \/>\nEvenemangen i Kalajoki lockar bes\u00f6kare \u00e5r efter \u00e5r.[\/vc_column_text][vc_empty_space height=&#8221;25px&#8221;]<a  itemprop=\"url\" href=\"https:\/\/visitkalajoki.fi\/sv\/evenemang\/\" target=\"_blank\"  class=\"qbutton  default\" style=\"\">Evenemangen<\/a>[\/vc_column][\/vc_row][vc_row css_animation=&#8221;&#8221; row_type=&#8221;row&#8221; use_row_as_full_screen_section=&#8221;no&#8221; type=&#8221;full_width&#8221; angled_section=&#8221;no&#8221; text_align=&#8221;center&#8221; background_image_as_pattern=&#8221;without_pattern&#8221; background_color=&#8221;#ffffff&#8221; z_index=&#8221;&#8221;][vc_column css=&#8221;.vc_custom_1588225817007{margin-bottom: -6px !important;padding-top: 2.5% !important;}&#8221; el_class=&#8221;image_gallery_260px&#8221;][vc_column_text]<\/p>\n<h1 style=\"text-align: center;\"><span style=\"font-size: 80%;\">Det h\u00e4nder i Kalajoki \u00e5ret runt<br \/>\n<\/span><\/h1>\n<p>[\/vc_column_text][vc_empty_space height=&#8221;25px&#8221;]<div class=\"q_image_with_text_over one_fourth q_iwto_hover\"><div class=\"shader\" style=\"background-color: rgba(0,0,0,0.2)\"><\/div><div class=\"shader_hover\" style=\"background-color: rgba(0,0,0,0.4)\"><\/div><img decoding=\"async\" itemprop=\"image\" src=\"https:\/\/e6e6jux4p2d.exactdn.com\/wp-content\/uploads\/2025\/09\/TrucksOnTheBeach.png?strip=all&w=1060\" alt=\"\" \/><div class=\"text\"><table><tr><td><h4 class=\"caption no_icon\" style=\"font-size: 22px;\">Trucks on The Beach<\/h4><\/td><\/tr><\/table><table><tr><td><div class=\"desc\"><a  itemprop=\"url\" href=\"http:\/\/Tapahtumainfo%20-%20Trucks%20on%20the%20Beach\" target=\"_blank\"  class=\"qbutton  large white default\" style=\"\">5.-6.6.2026<i class=\"qode_icon_font_awesome fa fa-long-arrow-right qode_button_icon_element\"><\/i><\/a><\/div><\/td><\/tr><\/table><\/div><\/div><div class=\"q_image_with_text_over one_fourth q_iwto_hover\"><div class=\"shader\" style=\"background-color: rgba(0,0,0,0.2)\"><\/div><div class=\"shader_hover\" style=\"background-color: rgba(0,0,0,0.4)\"><\/div><img decoding=\"async\" itemprop=\"image\" src=\"https:\/\/e6e6jux4p2d.exactdn.com\/wp-content\/uploads\/2020\/02\/BeachFutis-e1582978509668.jpg?strip=all&w=1060\" alt=\"\" \/><div class=\"text\"><table><tr><td><h4 class=\"caption no_icon\" style=\"font-size: 22px;\">Beachfutis<\/h4><\/td><\/tr><\/table><table><tr><td><div class=\"desc\"><a  itemprop=\"url\" href=\"https:\/\/www.beachfutiskalajoki.fi\/\" target=\"_blank\"  class=\"qbutton  large white default\" style=\"\">12.-14.6.2026<i class=\"qode_icon_font_awesome fa fa-long-arrow-right qode_button_icon_element\"><\/i><\/a><\/div><\/td><\/tr><\/table><\/div><\/div><div class=\"q_image_with_text_over one_fourth q_iwto_hover\"><div class=\"shader\" style=\"background-color: rgba(0,0,0,0.2)\"><\/div><div class=\"shader_hover\" style=\"background-color: rgba(0,0,0,0.4)\"><\/div><img decoding=\"async\" itemprop=\"image\" src=\"https:\/\/e6e6jux4p2d.exactdn.com\/wp-content\/uploads\/2025\/09\/Farmari_logo.jpg?strip=all&w=1060\" alt=\"\" \/><div class=\"text\"><table><tr><td><h4 class=\"caption no_icon\" style=\"font-size: 22px;\">Farmari2026<\/h4><\/td><\/tr><\/table><table><tr><td><div class=\"desc\"><a  itemprop=\"url\" href=\"http:\/\/Farmari%20|%20P\u00e5%20svenska\" target=\"_blank\"  class=\"qbutton  large white default\" style=\"\">25.-27.6.2026<i class=\"qode_icon_font_awesome fa fa-long-arrow-right qode_button_icon_element\"><\/i><\/a><\/div><\/td><\/tr><\/table><\/div><\/div><div class=\"q_image_with_text_over one_fourth q_iwto_hover\"><div class=\"shader\" style=\"background-color: rgba(0,0,0,0.2)\"><\/div><div class=\"shader_hover\" style=\"background-color: rgba(0,0,0,0.4)\"><\/div><img decoding=\"async\" itemprop=\"image\" src=\"https:\/\/e6e6jux4p2d.exactdn.com\/wp-content\/uploads\/2020\/02\/Kaladogi-81-scaled.jpg?strip=all&w=1060\" alt=\"\" \/><div class=\"text\"><table><tr><td><h4 class=\"caption no_icon\" style=\"font-size: 22px;\">KalaDOGi Show<\/h4><\/td><\/tr><\/table><table><tr><td><div class=\"desc\"><a  itemprop=\"url\" href=\"https:\/\/kaladogishow.fi\" target=\"_blank\"  class=\"qbutton  large white default\" style=\"\">KALADOGISHOW<i class=\"qode_icon_font_awesome fa fa-long-arrow-right qode_button_icon_element\"><\/i><\/a><\/div><\/td><\/tr><\/table><\/div><\/div>[\/vc_column][\/vc_row][vc_row css_animation=&#8221;&#8221; row_type=&#8221;row&#8221; use_row_as_full_screen_section=&#8221;no&#8221; type=&#8221;full_width&#8221; angled_section=&#8221;no&#8221; text_align=&#8221;center&#8221; background_image_as_pattern=&#8221;without_pattern&#8221; background_color=&#8221;#ffffff&#8221; z_index=&#8221;&#8221;][vc_column css=&#8221;.vc_custom_1585098146818{margin-bottom: -6px !important;}&#8221; el_class=&#8221;image_gallery_260px&#8221;]<div class=\"q_image_with_text_over one_fourth q_iwto_hover\"><div class=\"shader\" style=\"background-color: rgba(0,0,0,0.2)\"><\/div><div class=\"shader_hover\" style=\"background-color: rgba(0,0,0,0.4)\"><\/div><img decoding=\"async\" itemprop=\"image\" src=\"https:\/\/e6e6jux4p2d.exactdn.com\/wp-content\/uploads\/2025\/05\/Anchors\u00b4nMotors_logo.jpg?strip=all&w=1060\" alt=\"\" \/><div class=\"text\"><table><tr><td><h4 class=\"caption no_icon\" style=\"font-size: 22px;\">Anchors\u00b4n Motors<\/h4><\/td><\/tr><\/table><table><tr><td><div class=\"desc\"><a  itemprop=\"url\" href=\"http:\/\/Anchors%20&#038;%20Motors%20|%20Kalajoki%20|%20Facebook\" target=\"_blank\"  class=\"qbutton  large white default\" style=\"\">31.7.-1.8.<i class=\"qode_icon_font_awesome fa fa-long-arrow-right qode_button_icon_element\"><\/i><\/a><\/div><\/td><\/tr><\/table><\/div><\/div><div class=\"q_image_with_text_over one_fourth q_iwto_hover\"><div class=\"shader\" style=\"background-color: rgba(0,0,0,0.2)\"><\/div><div class=\"shader_hover\" style=\"background-color: rgba(0,0,0,0.4)\"><\/div><img decoding=\"async\" itemprop=\"image\" src=\"https:\/\/e6e6jux4p2d.exactdn.com\/wp-content\/uploads\/2026\/01\/Bimmerit2026.jpg?strip=all&w=1060\" alt=\"\" \/><div class=\"text\"><table><tr><td><h4 class=\"caption no_icon\" style=\"font-size: 22px;\">Bimmerfest<\/h4><\/td><\/tr><\/table><table><tr><td><div class=\"desc\"><a  itemprop=\"url\" href=\"https:\/\/btcf.fi\/bp-svenska\/\" target=\"_blank\"  class=\"qbutton  large white default\" style=\"\">7.-9.8.2026<i class=\"qode_icon_font_awesome fa fa-long-arrow-right qode_button_icon_element\"><\/i><\/a><\/div><\/td><\/tr><\/table><\/div><\/div><div class=\"q_image_with_text_over one_fourth q_iwto_hover\"><div class=\"shader\" style=\"background-color: rgba(0,0,0,0.2)\"><\/div><div class=\"shader_hover\" style=\"background-color: rgba(0,0,0,0.4)\"><\/div><img decoding=\"async\" itemprop=\"image\" src=\"https:\/\/e6e6jux4p2d.exactdn.com\/wp-content\/uploads\/2020\/02\/TractorPulling.jpg?strip=all&w=1060\" alt=\"\" \/><div class=\"text\"><table><tr><td><h4 class=\"caption no_icon\" style=\"font-size: 22px;\">Tractor Pulling<\/h4><\/td><\/tr><\/table><table><tr><td><div class=\"desc\"><a  itemprop=\"url\" href=\"http:\/\/www.tractorpulling.fi\/\" target=\"_blank\"  class=\"qbutton  large white default\" style=\"\">22.8.2026<i class=\"qode_icon_font_awesome fa fa-long-arrow-right qode_button_icon_element\"><\/i><\/a><\/div><\/td><\/tr><\/table><\/div><\/div><div class=\"q_image_with_text_over one_fourth q_iwto_hover\"><div class=\"shader\" style=\"background-color: rgba(0,0,0,0.2)\"><\/div><div class=\"shader_hover\" style=\"background-color: rgba(0,0,0,0.4)\"><\/div><img decoding=\"async\" itemprop=\"image\" src=\"https:\/\/e6e6jux4p2d.exactdn.com\/wp-content\/uploads\/2020\/02\/ilotulitus2-scaled.jpg?strip=all&w=1060\" alt=\"\" \/><div class=\"text\"><table><tr><td><h4 class=\"caption no_icon\" style=\"font-size: 22px;\">Venetsialaiset<\/h4><\/td><\/tr><\/table><table><tr><td><div class=\"desc\"><a  itemprop=\"url\" href=\"http:\/\/Kalajoen%20Venetsialaiset%202025%20-%20Visit%20Kalajoki\" target=\"_blank\"  class=\"qbutton  large white default\" style=\"\">28.-30.8.2026<i class=\"qode_icon_font_awesome fa fa-long-arrow-right qode_button_icon_element\"><\/i><\/a><\/div><\/td><\/tr><\/table><\/div><\/div>[\/vc_column][\/vc_row]<\/p>\n<\/div>","protected":false},"excerpt":{"rendered":"<p>[vc_row css_animation=&#8221;&#8221; row_type=&#8221;row&#8221; use_row_as_full_screen_section=&#8221;no&#8221; type=&#8221;full_width&#8221; angled_section=&#8221;no&#8221; text_align=&#8221;left&#8221; background_image_as_pattern=&#8221;without_pattern&#8221;][vc_column][\/vc_column][\/vc_row][vc_row css_animation=&#8221;&#8221; row_type=&#8221;row&#8221; use_row_as_full_screen_section=&#8221;no&#8221; type=&#8221;grid&#8221; angled_section=&#8221;no&#8221; text_align=&#8221;center&#8221; background_image_as_pattern=&#8221;without_pattern&#8221; background_color=&#8221;#ffffff&#8221;][vc_column offset=&#8221;vc_col-lg-offset-1 vc_col-lg-10 vc_col-md-offset-0 vc_col-md-12 vc_col-sm-offset-0&#8243; css=&#8221;.vc_custom_1588225763663{padding-top: 4% !important;padding-right: 5% !important;padding-left: 5% !important;}&#8221;][vc_column_text] Upplev Kalajoki [\/vc_column_text][vc_column_text]Det finns massor av evenemang i Kalajoki \u00e5ret runt! Missa inte n\u00e5gonting, boka din inkvartering&#8230;<\/p>\n","protected":false},"author":1,"featured_media":0,"parent":0,"menu_order":0,"comment_status":"closed","ping_status":"closed","template":"full_width.php","meta":{"footnotes":""},"class_list":["post-19256","page","type-page","status-publish","hentry"],"yoast_head":"<!-- This site is optimized with the Yoast SEO plugin v27.5 - https:\/\/yoast.com\/product\/yoast-seo-wordpress\/ -->\n<title>Evenemang - Kalajoki Keskusvaraamo<\/title>\n<meta name=\"robots\" content=\"index, follow, max-snippet:-1, max-image-preview:large, max-video-preview:-1\" \/>\n<link rel=\"canonical\" href=\"https:\/\/kalajokikeskusvaraamo.fi\/sv\/evenemang\/\" \/>\n<meta property=\"og:locale\" content=\"sv_SE\" \/>\n<meta property=\"og:type\" content=\"article\" \/>\n<meta property=\"og:title\" content=\"Evenemang - Kalajoki Keskusvaraamo\" \/>\n<meta property=\"og:description\" content=\"[vc_row css_animation=&#8221;&#8221; row_type=&#8221;row&#8221; use_row_as_full_screen_section=&#8221;no&#8221; type=&#8221;full_width&#8221; angled_section=&#8221;no&#8221; text_align=&#8221;left&#8221; background_image_as_pattern=&#8221;without_pattern&#8221;][vc_column][\/vc_column][\/vc_row][vc_row css_animation=&#8221;&#8221; row_type=&#8221;row&#8221; use_row_as_full_screen_section=&#8221;no&#8221; type=&#8221;grid&#8221; angled_section=&#8221;no&#8221; text_align=&#8221;center&#8221; background_image_as_pattern=&#8221;without_pattern&#8221; background_color=&#8221;#ffffff&#8221;][vc_column offset=&#8221;vc_col-lg-offset-1 vc_col-lg-10 vc_col-md-offset-0 vc_col-md-12 vc_col-sm-offset-0&#8243; css=&#8221;.vc_custom_1588225763663{padding-top: 4% !important;padding-right: 5% !important;padding-left: 5% !important;}&#8221;][vc_column_text] Upplev Kalajoki [\/vc_column_text][vc_column_text]Det finns massor av evenemang i Kalajoki \u00e5ret runt! Missa inte n\u00e5gonting, boka din inkvartering...\" \/>\n<meta property=\"og:url\" content=\"https:\/\/kalajokikeskusvaraamo.fi\/sv\/evenemang\/\" \/>\n<meta property=\"og:site_name\" content=\"Kalajoki Keskusvaraamo\" \/>\n<meta property=\"article:modified_time\" content=\"2026-01-13T14:01:02+00:00\" \/>\n<meta name=\"twitter:card\" content=\"summary_large_image\" \/>\n<meta name=\"twitter:label1\" content=\"Ber\u00e4knad l\u00e4stid\" \/>\n\t<meta name=\"twitter:data1\" content=\"4 minuter\" \/>\n<script type=\"application\/ld+json\" class=\"yoast-schema-graph\">{\"@context\":\"https:\\\/\\\/schema.org\",\"@graph\":[{\"@type\":\"WebPage\",\"@id\":\"https:\\\/\\\/kalajokikeskusvaraamo.fi\\\/sv\\\/evenemang\\\/\",\"url\":\"https:\\\/\\\/kalajokikeskusvaraamo.fi\\\/sv\\\/evenemang\\\/\",\"name\":\"Evenemang - Kalajoki Keskusvaraamo\",\"isPartOf\":{\"@id\":\"https:\\\/\\\/kalajokikeskusvaraamo.fi\\\/sv\\\/#website\"},\"datePublished\":\"2020-11-13T10:59:16+00:00\",\"dateModified\":\"2026-01-13T14:01:02+00:00\",\"breadcrumb\":{\"@id\":\"https:\\\/\\\/kalajokikeskusvaraamo.fi\\\/sv\\\/evenemang\\\/#breadcrumb\"},\"inLanguage\":\"sv-SE\",\"potentialAction\":[{\"@type\":\"ReadAction\",\"target\":[\"https:\\\/\\\/kalajokikeskusvaraamo.fi\\\/sv\\\/evenemang\\\/\"]}]},{\"@type\":\"BreadcrumbList\",\"@id\":\"https:\\\/\\\/kalajokikeskusvaraamo.fi\\\/sv\\\/evenemang\\\/#breadcrumb\",\"itemListElement\":[{\"@type\":\"ListItem\",\"position\":1,\"name\":\"Home\",\"item\":\"https:\\\/\\\/kalajokikeskusvaraamo.fi\\\/sv\\\/\"},{\"@type\":\"ListItem\",\"position\":2,\"name\":\"Evenemang\"}]},{\"@type\":\"WebSite\",\"@id\":\"https:\\\/\\\/kalajokikeskusvaraamo.fi\\\/sv\\\/#website\",\"url\":\"https:\\\/\\\/kalajokikeskusvaraamo.fi\\\/sv\\\/\",\"name\":\"Kalajoki Keskusvaraamo\",\"description\":\"\",\"potentialAction\":[{\"@type\":\"SearchAction\",\"target\":{\"@type\":\"EntryPoint\",\"urlTemplate\":\"https:\\\/\\\/kalajokikeskusvaraamo.fi\\\/sv\\\/?s={search_term_string}\"},\"query-input\":{\"@type\":\"PropertyValueSpecification\",\"valueRequired\":true,\"valueName\":\"search_term_string\"}}],\"inLanguage\":\"sv-SE\"}]}<\/script>\n<!-- \/ Yoast SEO plugin. -->","yoast_head_json":{"title":"Evenemang - Kalajoki Keskusvaraamo","robots":{"index":"index","follow":"follow","max-snippet":"max-snippet:-1","max-image-preview":"max-image-preview:large","max-video-preview":"max-video-preview:-1"},"canonical":"https:\/\/kalajokikeskusvaraamo.fi\/sv\/evenemang\/","og_locale":"sv_SE","og_type":"article","og_title":"Evenemang - Kalajoki Keskusvaraamo","og_description":"[vc_row css_animation=&#8221;&#8221; row_type=&#8221;row&#8221; use_row_as_full_screen_section=&#8221;no&#8221; type=&#8221;full_width&#8221; angled_section=&#8221;no&#8221; text_align=&#8221;left&#8221; background_image_as_pattern=&#8221;without_pattern&#8221;][vc_column][\/vc_column][\/vc_row][vc_row css_animation=&#8221;&#8221; row_type=&#8221;row&#8221; use_row_as_full_screen_section=&#8221;no&#8221; type=&#8221;grid&#8221; angled_section=&#8221;no&#8221; text_align=&#8221;center&#8221; background_image_as_pattern=&#8221;without_pattern&#8221; background_color=&#8221;#ffffff&#8221;][vc_column offset=&#8221;vc_col-lg-offset-1 vc_col-lg-10 vc_col-md-offset-0 vc_col-md-12 vc_col-sm-offset-0&#8243; css=&#8221;.vc_custom_1588225763663{padding-top: 4% !important;padding-right: 5% !important;padding-left: 5% !important;}&#8221;][vc_column_text] Upplev Kalajoki [\/vc_column_text][vc_column_text]Det finns massor av evenemang i Kalajoki \u00e5ret runt! Missa inte n\u00e5gonting, boka din inkvartering...","og_url":"https:\/\/kalajokikeskusvaraamo.fi\/sv\/evenemang\/","og_site_name":"Kalajoki Keskusvaraamo","article_modified_time":"2026-01-13T14:01:02+00:00","twitter_card":"summary_large_image","twitter_misc":{"Ber\u00e4knad l\u00e4stid":"4 minuter"},"schema":{"@context":"https:\/\/schema.org","@graph":[{"@type":"WebPage","@id":"https:\/\/kalajokikeskusvaraamo.fi\/sv\/evenemang\/","url":"https:\/\/kalajokikeskusvaraamo.fi\/sv\/evenemang\/","name":"Evenemang - Kalajoki Keskusvaraamo","isPartOf":{"@id":"https:\/\/kalajokikeskusvaraamo.fi\/sv\/#website"},"datePublished":"2020-11-13T10:59:16+00:00","dateModified":"2026-01-13T14:01:02+00:00","breadcrumb":{"@id":"https:\/\/kalajokikeskusvaraamo.fi\/sv\/evenemang\/#breadcrumb"},"inLanguage":"sv-SE","potentialAction":[{"@type":"ReadAction","target":["https:\/\/kalajokikeskusvaraamo.fi\/sv\/evenemang\/"]}]},{"@type":"BreadcrumbList","@id":"https:\/\/kalajokikeskusvaraamo.fi\/sv\/evenemang\/#breadcrumb","itemListElement":[{"@type":"ListItem","position":1,"name":"Home","item":"https:\/\/kalajokikeskusvaraamo.fi\/sv\/"},{"@type":"ListItem","position":2,"name":"Evenemang"}]},{"@type":"WebSite","@id":"https:\/\/kalajokikeskusvaraamo.fi\/sv\/#website","url":"https:\/\/kalajokikeskusvaraamo.fi\/sv\/","name":"Kalajoki Keskusvaraamo","description":"","potentialAction":[{"@type":"SearchAction","target":{"@type":"EntryPoint","urlTemplate":"https:\/\/kalajokikeskusvaraamo.fi\/sv\/?s={search_term_string}"},"query-input":{"@type":"PropertyValueSpecification","valueRequired":true,"valueName":"search_term_string"}}],"inLanguage":"sv-SE"}]}},"_links":{"self":[{"href":"https:\/\/kalajokikeskusvaraamo.fi\/sv\/wp-json\/wp\/v2\/pages\/19256","targetHints":{"allow":["GET"]}}],"collection":[{"href":"https:\/\/kalajokikeskusvaraamo.fi\/sv\/wp-json\/wp\/v2\/pages"}],"about":[{"href":"https:\/\/kalajokikeskusvaraamo.fi\/sv\/wp-json\/wp\/v2\/types\/page"}],"author":[{"embeddable":true,"href":"https:\/\/kalajokikeskusvaraamo.fi\/sv\/wp-json\/wp\/v2\/users\/1"}],"replies":[{"embeddable":true,"href":"https:\/\/kalajokikeskusvaraamo.fi\/sv\/wp-json\/wp\/v2\/comments?post=19256"}],"version-history":[{"count":7,"href":"https:\/\/kalajokikeskusvaraamo.fi\/sv\/wp-json\/wp\/v2\/pages\/19256\/revisions"}],"predecessor-version":[{"id":41750,"href":"https:\/\/kalajokikeskusvaraamo.fi\/sv\/wp-json\/wp\/v2\/pages\/19256\/revisions\/41750"}],"wp:attachment":[{"href":"https:\/\/kalajokikeskusvaraamo.fi\/sv\/wp-json\/wp\/v2\/media?parent=19256"}],"curies":[{"name":"wp","href":"https:\/\/api.w.org\/{rel}","templated":true}]}}