{"id":19249,"date":"2020-11-13T11:20:59","date_gmt":"2020-11-13T09:20:59","guid":{"rendered":"https:\/\/kalajokikeskusvaraamo.fi\/grupper-och-moten\/"},"modified":"2025-03-13T13:56:01","modified_gmt":"2025-03-13T11:56:01","slug":"grupper-och-moten","status":"publish","type":"page","link":"https:\/\/kalajokikeskusvaraamo.fi\/sv\/grupper-och-moten\/","title":{"rendered":"Grupper och m\u00f6ten"},"content":{"rendered":"<div class=\"wpb-content-wrapper\"><p>[vc_row css_animation=&#8221;&#8221; row_type=&#8221;row&#8221; use_row_as_full_screen_section=&#8221;no&#8221; type=&#8221;full_width&#8221; angled_section=&#8221;no&#8221; text_align=&#8221;left&#8221; background_image_as_pattern=&#8221;without_pattern&#8221;][vc_column]\t\t\t<script src=\"\/\/kalajokikeskusvaraamo.fi\/wp-content\/plugins\/revslider\/sr6\/assets\/js\/rbtools.min.js?rev=6.7.40\"><\/script>\n\t\t\t<script src=\"\/\/kalajokikeskusvaraamo.fi\/wp-content\/plugins\/revslider\/sr6\/assets\/js\/rs6.min.js?rev=6.7.40\"><\/script>\n\n\t\t\t<!-- START Gruppen och m\u00f6tet REVOLUTION SLIDER 6.7.40 --><p class=\"rs-p-wp-fix\"><\/p>\n\t\t\t<rs-module-wrap id=\"rev_slider_206_1_wrapper\" data-source=\"gallery\" style=\"visibility:hidden;background:transparent;padding:0;margin:0px auto;margin-top:0;margin-bottom:0;\">\n\t\t\t\t<rs-module id=\"rev_slider_206_1\" style=\"\" data-version=\"6.7.40\">\n\t\t\t\t\t<rs-slides style=\"overflow: hidden; position: absolute;\">\n\t\t\t\t\t\t<rs-slide style=\"position: absolute;\" data-key=\"rs-326\" data-title=\"Gruppen och motet\" data-in=\"o:1;\" data-out=\"o:1;\">\n\t\t\t\t\t\t\t<img decoding=\"async\" src=\"https:\/\/e6e6jux4p2d.exactdn.com\/wp-content\/plugins\/revslider\/sr6\/assets\/assets\/dummy.png\" alt=\"\" title=\"Kokous-catering (4)\" width=\"2560\" height=\"1707\" class=\"rev-slidebg tp-rs-img rs-lazyload\" data-lazyload=\"https:\/\/e6e6jux4p2d.exactdn.com\/wp-content\/uploads\/2020\/10\/Kokous-catering-4-scaled.jpg?strip=all&resize=1060%2C707\" data-parallax=\"off\" data-no-retina>\n<!--\n\t\t\t\t\t\t\t--><h2\n\t\t\t\t\t\t\t\tid=\"slider-206-slide-326-layer-1\" \n\t\t\t\t\t\t\t\tclass=\"rs-layer rs-selectable\"\n\t\t\t\t\t\t\t\tdata-type=\"text\"\n\t\t\t\t\t\t\t\tdata-color=\"#ffffff\"\n\t\t\t\t\t\t\t\tdata-rsp_ch=\"on\"\n\t\t\t\t\t\t\t\tdata-xy=\"x:c;y:c;yo:-30px;\"\n\t\t\t\t\t\t\t\tdata-text=\"s:62;l:72;ls:0px;fw:700;a:inherit;\"\n\t\t\t\t\t\t\t\tdata-frame_0=\"tp:600;\"\n\t\t\t\t\t\t\t\tdata-frame_1=\"tp:600;sR:10;\"\n\t\t\t\t\t\t\t\tdata-frame_999=\"o:0;tp:600;st:w;sR:8690.0006103516;\"\n\t\t\t\t\t\t\t\tstyle=\"z-index:5;font-family:'Poppins';text-shadow:1px 1px 2px rgba(0,0,0,.4);\"\n\t\t\t\t\t\t\t>Gruppen och m\u00f6tet \n\t\t\t\t\t\t\t<\/h2><!--\n-->\t\t\t\t\t<\/rs-slide>\n\t\t\t\t\t<\/rs-slides>\n\t\t\t\t<\/rs-module>\n\t\t\t\t<script>\n\t\t\t\t\tsetREVStartSize({c: 'rev_slider_206_1',rl:[1240,1024,778,480],el:[420],gw:[1240],gh:[420],type:'hero',justify:'',layout:'fullwidth',mh:\"420\"});if (window.RS_MODULES!==undefined && window.RS_MODULES.modules!==undefined && window.RS_MODULES.modules[\"revslider2061\"]!==undefined) {window.RS_MODULES.modules[\"revslider2061\"].once = false;window.revapi206 = undefined;if (window.RS_MODULES.checkMinimal!==undefined) window.RS_MODULES.checkMinimal()}\n\t\t\t\t<\/script>\n\t\t\t<\/rs-module-wrap>\n\t\t\t<!-- END REVOLUTION SLIDER -->\n[\/vc_column][\/vc_row][vc_row css_animation=&#8221;&#8221; row_type=&#8221;row&#8221; use_row_as_full_screen_section=&#8221;no&#8221; type=&#8221;grid&#8221; angled_section=&#8221;no&#8221; text_align=&#8221;center&#8221; background_image_as_pattern=&#8221;without_pattern&#8221; background_color=&#8221;#ffffff&#8221;][vc_column offset=&#8221;vc_col-lg-offset-1 vc_col-lg-10 vc_col-md-offset-0 vc_col-md-12 vc_col-sm-offset-0&#8243; css=&#8221;.vc_custom_1588225569762{padding-top: 4% !important;padding-right: 10% !important;padding-left: 10% !important;}&#8221;][vc_column_text]<\/p>\n<h1 style=\"text-align: center;\">Grupper och konferenser i Kalajoki<\/h1>\n<p>[\/vc_column_text][vc_column_text css=&#8221;&#8221;]Fr\u00e5n Kalajoki Centralbokning f\u00e5r du b\u00e4sta service och lokalk\u00e4nnedom f\u00f6r din grupp eller ditt evenemang i Kalajoki. Via Centralbokningen kan du boka alla tj\u00e4nster p\u00e5 en och samma faktura. Den fantastiska omgivande havsmilj\u00f6n, m\u00e5ngsidiga konferenslokaler, det stora utbudet av inkvartering och aktiviteter garanterar ett framg\u00e5ngsrikt evenemang i Kalajoki. Allt ligger i n\u00e4rheten av Kalajoki Hiekkas\u00e4rk\u00e4t: de centrala tj\u00e4nsterna ligger inom g\u00e5ngavst\u00e5nd fr\u00e5n varandra mitt i havsmilj\u00f6n.<\/p>\n<p><strong>Kontakta oss s\u00e5 kan vi tillsammans planera ett lyckat evenemang!<\/strong><\/p>\n<p>Kalajoki Centralbokning<br \/>\nM\u00f6tes- och gruppf\u00f6rs\u00e4ljning<br \/>\nmyynti@kalajokikeskusvaraamo.fi<br \/>\n+358 50-3765876[\/vc_column_text][vc_empty_space height=&#8221;30px&#8221;][\/vc_column][\/vc_row][vc_row css_animation=&#8221;&#8221; row_type=&#8221;row&#8221; use_row_as_full_screen_section=&#8221;no&#8221; type=&#8221;grid&#8221; angled_section=&#8221;no&#8221; text_align=&#8221;left&#8221; background_image_as_pattern=&#8221;without_pattern&#8221; background_color=&#8221;#ffffff&#8221; z_index=&#8221;&#8221; css=&#8221;.vc_custom_1588225577578{padding-top: 3.5% !important;}&#8221;][vc_column width=&#8221;1\/2&#8243; offset=&#8221;vc_col-lg-offset-0 vc_col-lg-6 vc_col-md-offset-0 vc_col-md-6 vc_col-sm-offset-0&#8243; css=&#8221;.vc_custom_1576114713561{padding-right: 10% !important;padding-bottom: 4.5% !important;}&#8221;][vc_column_text]<\/p>\n<h3>Konferens i Kalajoki<\/h3>\n<p>[\/vc_column_text][vc_column_text]Du kan ordna en konferens i omr\u00e5dets konferensrum av olika storlekar eller i en stuga eller l\u00e4genhet. Konferensutrustning och cateringtj\u00e4nster kan beh\u00e4ndigt ordnas \u00e4ven till fritidshus. Kalajoki Centralbokning har r\u00e4ttigheter som researrang\u00f6r beviljade av Konkurrens- och konsumentverket. Vi sammanst\u00e4ller skr\u00e4ddarsydda inrikesresor f\u00f6r din grupp.<\/p>\n<p>Bokningar och f\u00f6rfr\u00e5gningar:<\/p>\n<ul>\n<li>l\u00e4gerskolor, klassutflykter<\/li>\n<li>konferenser, seminarier, m\u00e5nbradagar och UUA-dagar<\/li>\n<li>f\u00f6retagsfester, kundevenemang<\/li>\n<li>familjefester, m\u00f6hippor, julfester<\/li>\n<\/ul>\n<p>[\/vc_column_text][vc_empty_space height=&#8221;10px&#8221;][\/vc_column][vc_column width=&#8221;1\/2&#8243;][vc_single_image image=&#8221;18179&#8243; img_size=&#8221;full&#8221; qode_css_animation=&#8221;&#8221;][vc_empty_space height=&#8221;20px&#8221;][\/vc_column][\/vc_row][vc_row css_animation=&#8221;&#8221; row_type=&#8221;row&#8221; use_row_as_full_screen_section=&#8221;no&#8221; type=&#8221;grid&#8221; angled_section=&#8221;no&#8221; text_align=&#8221;left&#8221; background_image_as_pattern=&#8221;without_pattern&#8221; background_color=&#8221;#ffffff&#8221; z_index=&#8221;&#8221; css=&#8221;.vc_custom_1588225577578{padding-top: 3.5% !important;}&#8221;][vc_column width=&#8221;1\/2&#8243;][vc_single_image image=&#8221;19151&#8243; img_size=&#8221;full&#8221; qode_css_animation=&#8221;&#8221;][vc_empty_space height=&#8221;20px&#8221;][\/vc_column][vc_column width=&#8221;1\/2&#8243; offset=&#8221;vc_col-lg-offset-0 vc_col-lg-6 vc_col-md-offset-0 vc_col-md-6 vc_col-sm-offset-0&#8243; css=&#8221;.vc_custom_1576114713561{padding-right: 10% !important;padding-bottom: 4.5% !important;}&#8221;][vc_column_text]<\/p>\n<h3>Catering<\/h3>\n<p>[\/vc_column_text][vc_column_text]Cateringtj\u00e4nster brungit till semesterstugan. Samverkan med lokal operator, vi ska leverera smakliga frukostar, luncher, middagar och kv\u00e4llsmat till bost\u00e4der. Ocks\u00e5 m\u00f6te servis med salta &amp; s\u00f6ta servis och servis f\u00f6r olika fester \u00e4r m\u00f6jliga att ordna via Kalajoki Centralbokning.<\/p>\n<p>Catering frukost fr\u00e5n 15 \u20ac \/ person<br \/>\nCatering lunch..15 \u20ac \/ person<br \/>\nCatering middag..21 \u20ac \/ person<br \/>\nCatering kv\u00e4llsmat..16 \u20ac \/ person<\/p>\n<p>Kontakt oss och fr\u00e5ga mer![\/vc_column_text][vc_empty_space height=&#8221;10px&#8221;][\/vc_column][\/vc_row][vc_row css_animation=&#8221;&#8221; row_type=&#8221;row&#8221; use_row_as_full_screen_section=&#8221;no&#8221; type=&#8221;grid&#8221; angled_section=&#8221;no&#8221; text_align=&#8221;left&#8221; background_image_as_pattern=&#8221;without_pattern&#8221; background_color=&#8221;#ffffff&#8221; z_index=&#8221;&#8221; css=&#8221;.vc_custom_1584577605007{padding-top: 0.5% !important;padding-bottom: 3% !important;}&#8221;][vc_column width=&#8221;1\/2&#8243; offset=&#8221;vc_col-lg-offset-0 vc_col-lg-6 vc_col-md-offset-0 vc_col-md-6 vc_col-sm-offset-0&#8243; css=&#8221;.vc_custom_1576114713561{padding-right: 10% !important;padding-bottom: 4.5% !important;}&#8221;][vc_empty_space height=&#8221;20px&#8221;][vc_column_text]<\/p>\n<h3>F\u00f6r evenemangsarrang\u00f6rer<\/h3>\n<p>[\/vc_column_text][vc_column_text]Kalajoki Hiekkas\u00e4rk\u00e4t skapar fantastiska f\u00f6rh\u00e5llanden \u00e4ven f\u00f6r st\u00f6rre evenemang. Semesteromr\u00e5dets m\u00e5ngsidiga tj\u00e4nster ligger i ett kompakt omr\u00e5de inom g\u00e5ngavst\u00e5nd fr\u00e5n varandra. Den stora b\u00e4ddkapaciteten, m\u00e5nga konferens-, restaurang- och m\u00f6teslokaler samt ett brett utbud av aktiviteter g\u00f6r det m\u00f6jligt att arrangera \u00e4ven stora evenemang i Kalajoki. Du kan v\u00e4lja inkvartering p\u00e5 hotellet, i l\u00e4genheter i n\u00e4rheten av varandra eller i fritidshus. Vi kan erbjuda inkvartering \u00e4ven f\u00f6r st\u00f6rre grupper.<\/p>\n<p>Oavsett om du planerar ett publikevenemang eller hobbyevenemang, personaldagar, ett st\u00f6rre m\u00f6te eller ett seminarium, s\u00e5 hj\u00e4lper vi dig med alla praktiska arrangemang f\u00f6r evenemanget: utrymme, inkvartering, restaurangbokningar samt programplanering. Vi har god kontakt med lokala akt\u00f6rer f\u00f6r att s\u00e4kerst\u00e4lla ett lyckat evenemang.<br \/>\nVia Centralbokningen kan du boka Kalajoki flygf\u00e4lt f\u00f6r evenemang och sammantr\u00e4den. Hiekkas\u00e4rk\u00e4t Areena, som ligger bredvid flygf\u00e4ltet, kan \u00e4ven hyras f\u00f6r evenemang.[\/vc_column_text][vc_empty_space height=&#8221;10px&#8221;][\/vc_column][vc_column width=&#8221;1\/2&#8243;][vc_empty_space height=&#8221;20px&#8221;][vc_single_image image=&#8221;18094&#8243; img_size=&#8221;full&#8221; qode_css_animation=&#8221;&#8221;][vc_empty_space height=&#8221;20px&#8221;][vc_column_text]<\/p>\n<h5 style=\"text-align: center;\"><em>Kalajoki \u00e4r en fantastisk m\u00f6tesplats<\/em><\/h5>\n<p>[\/vc_column_text][vc_empty_space height=&#8221;20px&#8221;][\/vc_column][\/vc_row][vc_row css_animation=&#8221;&#8221; row_type=&#8221;row&#8221; use_row_as_full_screen_section=&#8221;no&#8221; type=&#8221;grid&#8221; angled_section=&#8221;no&#8221; text_align=&#8221;left&#8221; background_image_as_pattern=&#8221;without_pattern&#8221; z_index=&#8221;&#8221; css=&#8221;.vc_custom_1584577598322{padding-top: 0.5% !important;padding-bottom: 2% !important;}&#8221;][vc_column width=&#8221;1\/2&#8243;][vc_single_image image=&#8221;18096&#8243; img_size=&#8221;full&#8221; qode_css_animation=&#8221;&#8221;][vc_empty_space height=&#8221;20px&#8221;][\/vc_column][vc_column width=&#8221;1\/2&#8243; offset=&#8221;vc_col-lg-offset-0 vc_col-lg-6 vc_col-md-offset-0 vc_col-md-6 vc_col-sm-offset-0&#8243; css=&#8221;.vc_custom_1576114713561{padding-right: 10% !important;padding-bottom: 4.5% !important;}&#8221;][vc_column_text]<\/p>\n<h3>Referenser<\/h3>\n<p>[\/vc_column_text][vc_column_text]Kalajoki Centralbokning arbetade tillsammans med f\u00f6retagare i Hiekkas\u00e4rkk\u00e4-omr\u00e5det som arrang\u00f6r och huvudsaklig v\u00e4rd f\u00f6r OP-Pohjolas landsomfattande Sommardagar 2016.<br \/>\nEvenemanget i tv\u00e5 dagar samlade<strong> 1 500<\/strong> par OP-t\u00e5r f\u00f6r att tillbringa helgen i Hiekkas\u00e4rk\u00e4t.<br \/>\nSLEY:s Evangeliumsfest h\u00f6lls p\u00e5 Kalajoki flygf\u00e4lt i juni 2018.<br \/>\nEvenemangshelgen lockade totalt cirka <strong>10 000<\/strong> bes\u00f6kare.<br \/>\n\u00c5rsm\u00f6tet f\u00f6r Finlands Lions Club h\u00f6lls i Kalajoki i juni 2019.<br \/>\nM\u00f6tet hade totalt <strong>1 300<\/strong> deltagare.<br \/>\nDessutom deltog Kalajoki Centralbokning i arrangemangen f\u00f6r det nationella # Nofilter-\u00e5rsm\u00f6tet f\u00f6r Juniorhandelskammaren i april 2019.<br \/>\nKalaDOGi Show ordnades f\u00f6r f\u00f6rsta g\u00e5ngen p\u00e5 flygf\u00e4ltet i juli 2019.<br \/>\nRedan f\u00f6rsta \u00e5ret evenemanget arrangerades lockade showen svindlande <strong>8 500<\/strong> bes\u00f6kare och <strong>3500<\/strong> hundar.[\/vc_column_text][vc_empty_space height=&#8221;20px&#8221;][\/vc_column][\/vc_row]<\/p>\n<\/div>","protected":false},"excerpt":{"rendered":"<p>[vc_row css_animation=&#8221;&#8221; row_type=&#8221;row&#8221; use_row_as_full_screen_section=&#8221;no&#8221; type=&#8221;full_width&#8221; angled_section=&#8221;no&#8221; text_align=&#8221;left&#8221; background_image_as_pattern=&#8221;without_pattern&#8221;][vc_column][\/vc_column][\/vc_row][vc_row css_animation=&#8221;&#8221; row_type=&#8221;row&#8221; use_row_as_full_screen_section=&#8221;no&#8221; type=&#8221;grid&#8221; angled_section=&#8221;no&#8221; text_align=&#8221;center&#8221; background_image_as_pattern=&#8221;without_pattern&#8221; background_color=&#8221;#ffffff&#8221;][vc_column offset=&#8221;vc_col-lg-offset-1 vc_col-lg-10 vc_col-md-offset-0 vc_col-md-12 vc_col-sm-offset-0&#8243; css=&#8221;.vc_custom_1588225569762{padding-top: 4% !important;padding-right: 10% !important;padding-left: 10% !important;}&#8221;][vc_column_text] Grupper och konferenser i Kalajoki [\/vc_column_text][vc_column_text css=&#8221;&#8221;]Fr\u00e5n Kalajoki Centralbokning f\u00e5r du b\u00e4sta service och lokalk\u00e4nnedom f\u00f6r din&#8230;<\/p>\n","protected":false},"author":4,"featured_media":0,"parent":0,"menu_order":0,"comment_status":"closed","ping_status":"closed","template":"full_width.php","meta":{"footnotes":""},"class_list":["post-19249","page","type-page","status-publish","hentry"],"yoast_head":"<!-- This site is optimized with the Yoast SEO plugin v27.3 - https:\/\/yoast.com\/product\/yoast-seo-wordpress\/ -->\n<title>Grupper och m\u00f6ten - Kalajoki Keskusvaraamo<\/title>\n<meta name=\"robots\" content=\"index, follow, max-snippet:-1, max-image-preview:large, max-video-preview:-1\" \/>\n<link rel=\"canonical\" href=\"https:\/\/kalajokikeskusvaraamo.fi\/sv\/grupper-och-moten\/\" \/>\n<meta property=\"og:locale\" content=\"sv_SE\" \/>\n<meta property=\"og:type\" content=\"article\" \/>\n<meta property=\"og:title\" content=\"Grupper och m\u00f6ten - Kalajoki Keskusvaraamo\" \/>\n<meta property=\"og:description\" content=\"[vc_row css_animation=&#8221;&#8221; row_type=&#8221;row&#8221; use_row_as_full_screen_section=&#8221;no&#8221; type=&#8221;full_width&#8221; angled_section=&#8221;no&#8221; text_align=&#8221;left&#8221; background_image_as_pattern=&#8221;without_pattern&#8221;][vc_column][\/vc_column][\/vc_row][vc_row css_animation=&#8221;&#8221; row_type=&#8221;row&#8221; use_row_as_full_screen_section=&#8221;no&#8221; type=&#8221;grid&#8221; angled_section=&#8221;no&#8221; text_align=&#8221;center&#8221; background_image_as_pattern=&#8221;without_pattern&#8221; background_color=&#8221;#ffffff&#8221;][vc_column offset=&#8221;vc_col-lg-offset-1 vc_col-lg-10 vc_col-md-offset-0 vc_col-md-12 vc_col-sm-offset-0&#8243; css=&#8221;.vc_custom_1588225569762{padding-top: 4% !important;padding-right: 10% !important;padding-left: 10% !important;}&#8221;][vc_column_text] Grupper och konferenser i Kalajoki [\/vc_column_text][vc_column_text css=&#8221;&#8221;]Fr\u00e5n Kalajoki Centralbokning f\u00e5r du b\u00e4sta service och lokalk\u00e4nnedom f\u00f6r din...\" \/>\n<meta property=\"og:url\" content=\"https:\/\/kalajokikeskusvaraamo.fi\/sv\/grupper-och-moten\/\" \/>\n<meta property=\"og:site_name\" content=\"Kalajoki Keskusvaraamo\" \/>\n<meta property=\"article:modified_time\" content=\"2025-03-13T11:56:01+00:00\" \/>\n<meta name=\"twitter:card\" content=\"summary_large_image\" \/>\n<meta name=\"twitter:label1\" content=\"Ber\u00e4knad l\u00e4stid\" \/>\n\t<meta name=\"twitter:data1\" content=\"5 minuter\" \/>\n<script type=\"application\/ld+json\" class=\"yoast-schema-graph\">{\"@context\":\"https:\\\/\\\/schema.org\",\"@graph\":[{\"@type\":\"WebPage\",\"@id\":\"https:\\\/\\\/kalajokikeskusvaraamo.fi\\\/sv\\\/grupper-och-moten\\\/\",\"url\":\"https:\\\/\\\/kalajokikeskusvaraamo.fi\\\/sv\\\/grupper-och-moten\\\/\",\"name\":\"Grupper och m\u00f6ten - Kalajoki Keskusvaraamo\",\"isPartOf\":{\"@id\":\"https:\\\/\\\/kalajokikeskusvaraamo.fi\\\/sv\\\/#website\"},\"datePublished\":\"2020-11-13T09:20:59+00:00\",\"dateModified\":\"2025-03-13T11:56:01+00:00\",\"breadcrumb\":{\"@id\":\"https:\\\/\\\/kalajokikeskusvaraamo.fi\\\/sv\\\/grupper-och-moten\\\/#breadcrumb\"},\"inLanguage\":\"sv-SE\",\"potentialAction\":[{\"@type\":\"ReadAction\",\"target\":[\"https:\\\/\\\/kalajokikeskusvaraamo.fi\\\/sv\\\/grupper-och-moten\\\/\"]}]},{\"@type\":\"BreadcrumbList\",\"@id\":\"https:\\\/\\\/kalajokikeskusvaraamo.fi\\\/sv\\\/grupper-och-moten\\\/#breadcrumb\",\"itemListElement\":[{\"@type\":\"ListItem\",\"position\":1,\"name\":\"Home\",\"item\":\"https:\\\/\\\/kalajokikeskusvaraamo.fi\\\/sv\\\/\"},{\"@type\":\"ListItem\",\"position\":2,\"name\":\"Grupper och m\u00f6ten\"}]},{\"@type\":\"WebSite\",\"@id\":\"https:\\\/\\\/kalajokikeskusvaraamo.fi\\\/sv\\\/#website\",\"url\":\"https:\\\/\\\/kalajokikeskusvaraamo.fi\\\/sv\\\/\",\"name\":\"Kalajoki Keskusvaraamo\",\"description\":\"\",\"potentialAction\":[{\"@type\":\"SearchAction\",\"target\":{\"@type\":\"EntryPoint\",\"urlTemplate\":\"https:\\\/\\\/kalajokikeskusvaraamo.fi\\\/sv\\\/?s={search_term_string}\"},\"query-input\":{\"@type\":\"PropertyValueSpecification\",\"valueRequired\":true,\"valueName\":\"search_term_string\"}}],\"inLanguage\":\"sv-SE\"}]}<\/script>\n<!-- \/ Yoast SEO plugin. -->","yoast_head_json":{"title":"Grupper och m\u00f6ten - Kalajoki Keskusvaraamo","robots":{"index":"index","follow":"follow","max-snippet":"max-snippet:-1","max-image-preview":"max-image-preview:large","max-video-preview":"max-video-preview:-1"},"canonical":"https:\/\/kalajokikeskusvaraamo.fi\/sv\/grupper-och-moten\/","og_locale":"sv_SE","og_type":"article","og_title":"Grupper och m\u00f6ten - Kalajoki Keskusvaraamo","og_description":"[vc_row css_animation=&#8221;&#8221; row_type=&#8221;row&#8221; use_row_as_full_screen_section=&#8221;no&#8221; type=&#8221;full_width&#8221; angled_section=&#8221;no&#8221; text_align=&#8221;left&#8221; background_image_as_pattern=&#8221;without_pattern&#8221;][vc_column][\/vc_column][\/vc_row][vc_row css_animation=&#8221;&#8221; row_type=&#8221;row&#8221; use_row_as_full_screen_section=&#8221;no&#8221; type=&#8221;grid&#8221; angled_section=&#8221;no&#8221; text_align=&#8221;center&#8221; background_image_as_pattern=&#8221;without_pattern&#8221; background_color=&#8221;#ffffff&#8221;][vc_column offset=&#8221;vc_col-lg-offset-1 vc_col-lg-10 vc_col-md-offset-0 vc_col-md-12 vc_col-sm-offset-0&#8243; css=&#8221;.vc_custom_1588225569762{padding-top: 4% !important;padding-right: 10% !important;padding-left: 10% !important;}&#8221;][vc_column_text] Grupper och konferenser i Kalajoki [\/vc_column_text][vc_column_text css=&#8221;&#8221;]Fr\u00e5n Kalajoki Centralbokning f\u00e5r du b\u00e4sta service och lokalk\u00e4nnedom f\u00f6r din...","og_url":"https:\/\/kalajokikeskusvaraamo.fi\/sv\/grupper-och-moten\/","og_site_name":"Kalajoki Keskusvaraamo","article_modified_time":"2025-03-13T11:56:01+00:00","twitter_card":"summary_large_image","twitter_misc":{"Ber\u00e4knad l\u00e4stid":"5 minuter"},"schema":{"@context":"https:\/\/schema.org","@graph":[{"@type":"WebPage","@id":"https:\/\/kalajokikeskusvaraamo.fi\/sv\/grupper-och-moten\/","url":"https:\/\/kalajokikeskusvaraamo.fi\/sv\/grupper-och-moten\/","name":"Grupper och m\u00f6ten - Kalajoki Keskusvaraamo","isPartOf":{"@id":"https:\/\/kalajokikeskusvaraamo.fi\/sv\/#website"},"datePublished":"2020-11-13T09:20:59+00:00","dateModified":"2025-03-13T11:56:01+00:00","breadcrumb":{"@id":"https:\/\/kalajokikeskusvaraamo.fi\/sv\/grupper-och-moten\/#breadcrumb"},"inLanguage":"sv-SE","potentialAction":[{"@type":"ReadAction","target":["https:\/\/kalajokikeskusvaraamo.fi\/sv\/grupper-och-moten\/"]}]},{"@type":"BreadcrumbList","@id":"https:\/\/kalajokikeskusvaraamo.fi\/sv\/grupper-och-moten\/#breadcrumb","itemListElement":[{"@type":"ListItem","position":1,"name":"Home","item":"https:\/\/kalajokikeskusvaraamo.fi\/sv\/"},{"@type":"ListItem","position":2,"name":"Grupper och m\u00f6ten"}]},{"@type":"WebSite","@id":"https:\/\/kalajokikeskusvaraamo.fi\/sv\/#website","url":"https:\/\/kalajokikeskusvaraamo.fi\/sv\/","name":"Kalajoki Keskusvaraamo","description":"","potentialAction":[{"@type":"SearchAction","target":{"@type":"EntryPoint","urlTemplate":"https:\/\/kalajokikeskusvaraamo.fi\/sv\/?s={search_term_string}"},"query-input":{"@type":"PropertyValueSpecification","valueRequired":true,"valueName":"search_term_string"}}],"inLanguage":"sv-SE"}]}},"_links":{"self":[{"href":"https:\/\/kalajokikeskusvaraamo.fi\/sv\/wp-json\/wp\/v2\/pages\/19249","targetHints":{"allow":["GET"]}}],"collection":[{"href":"https:\/\/kalajokikeskusvaraamo.fi\/sv\/wp-json\/wp\/v2\/pages"}],"about":[{"href":"https:\/\/kalajokikeskusvaraamo.fi\/sv\/wp-json\/wp\/v2\/types\/page"}],"author":[{"embeddable":true,"href":"https:\/\/kalajokikeskusvaraamo.fi\/sv\/wp-json\/wp\/v2\/users\/4"}],"replies":[{"embeddable":true,"href":"https:\/\/kalajokikeskusvaraamo.fi\/sv\/wp-json\/wp\/v2\/comments?post=19249"}],"version-history":[{"count":10,"href":"https:\/\/kalajokikeskusvaraamo.fi\/sv\/wp-json\/wp\/v2\/pages\/19249\/revisions"}],"predecessor-version":[{"id":38217,"href":"https:\/\/kalajokikeskusvaraamo.fi\/sv\/wp-json\/wp\/v2\/pages\/19249\/revisions\/38217"}],"wp:attachment":[{"href":"https:\/\/kalajokikeskusvaraamo.fi\/sv\/wp-json\/wp\/v2\/media?parent=19249"}],"curies":[{"name":"wp","href":"https:\/\/api.w.org\/{rel}","templated":true}]}}