{"id":19243,"date":"2020-11-13T10:34:23","date_gmt":"2020-11-13T08:34:23","guid":{"rendered":"https:\/\/kalajokikeskusvaraamo.fi\/inkvartering\/"},"modified":"2026-01-16T14:41:21","modified_gmt":"2026-01-16T12:41:21","slug":"inkvartering","status":"publish","type":"page","link":"https:\/\/kalajokikeskusvaraamo.fi\/sv\/inkvartering\/","title":{"rendered":"Inkvartering"},"content":{"rendered":"<div class=\"wpb-content-wrapper\"><p>[vc_row css_animation=&#8221;&#8221; row_type=&#8221;row&#8221; use_row_as_full_screen_section=&#8221;no&#8221; type=&#8221;grid&#8221; angled_section=&#8221;no&#8221; text_align=&#8221;left&#8221; background_image_as_pattern=&#8221;without_pattern&#8221; css=&#8221;.vc_custom_1662713496854{background-image: url(https:\/\/kalajokikeskusvaraamo.fi\/wp-content\/uploads\/2022\/09\/mh2.jpg?id=30496) !important;}&#8221; z_index=&#8221;&#8221; el_class=&#8221;white_txt_shadow&#8221;][vc_column][vc_empty_space height=&#8221;114px&#8221;][vc_column_text]<\/p>\n<h2 style=\"text-align: center;\"><span style=\"color: #000000;\">Inkvartering<\/span><\/h2>\n<p>[\/vc_column_text]<winres-departures-search  mode=\"horizontal\"  on-update=\"this.searchCriteria = searchCriteria\"  passenger-counts=\"popup\"  limit=\"999\"  show-btn-bar=\"false\"  show-full-departures=\"true\"  date-openers=\"box\"  passengers-in-text=\"true\"  default-start-date=\"+1\"  default-end-date=\"+2\"  hide-end-date-when-specified-single-type=\"AK\"  auto-select-end-date=\"+2\"  search-on-init=\"false\"  default-internet-classifications1=\"MA\"  allow-change-primary-internet-classifications=\"false\"  fourth-internet-classifications-title=\"V\u00e4lj typ\"  is-fourth-internet-classifications-open=\"true\"  allow-change-fourth-internet-classifications=\"true\"  internet-classification-title1=\"false\"  internet-classification-title4=\"V\u00e4lj typ\"  show-region-picker=\"false\"  template-url=\"custom\/template\/winresDeparturesSearchHorizontal.html\"    ><\/winres-departures-search>[vc_column_text css=&#8221;&#8221;]<\/p>\n<p style=\"text-align: center;\"><span style=\"color: #000000;\"><strong>Under evenemangsperioder \u00e4r den minsta vistelsel\u00e4ngden 2\u20134 n\u00e4tter.<\/strong> <\/span><\/p>\n<p style=\"text-align: center;\"><span style=\"color: #000000;\"><strong>F\u00f6r bokningar f\u00f6r kommande natt, v\u00e4nligen kontakta +358 600 555 444 under kontorets \u00f6ppettider.<\/strong><\/span><\/p>\n<p>[\/vc_column_text][vc_empty_space height=&#8221;160px&#8221;][\/vc_column][\/vc_row][vc_row css_animation=&#8221;&#8221; row_type=&#8221;row&#8221; use_row_as_full_screen_section=&#8221;no&#8221; type=&#8221;grid&#8221; angled_section=&#8221;no&#8221; text_align=&#8221;center&#8221; background_image_as_pattern=&#8221;without_pattern&#8221; background_color=&#8221;#ffffff&#8221; el_id=&#8221;behind_row&#8221;][vc_column width=&#8221;1\/2&#8243; offset=&#8221;vc_col-lg-offset-1 vc_col-lg-10 vc_col-md-offset-0 vc_col-md-12 vc_col-sm-offset-0&#8243; css=&#8221;.vc_custom_1588244197255{padding-top: 4% !important;padding-right: 5% !important;padding-bottom: 5% !important;padding-left: 5% !important;}&#8221;][vc_column_text]<\/p>\n<h1 style=\"text-align: center;\"><span style=\"color: #ff9900;\">\u00d6vernatta i Kalajoki<\/span><\/h1>\n<p>[\/vc_column_text][vc_empty_space height=&#8221;15px&#8221;][vc_column_text]<\/p>\n<h5>Kalajoki Centralbokning erbjuder inkvartering \u00e5ret runt ur Kalajokis bredaste sortimentet av h\u00f6gklassiga stugor och fritidshus. Vi f\u00f6rmedlar fritidshus, bost\u00e4der och stugor \u00e4gda av privatpersoner. I v\u00e5rt sortiment ing\u00e5r \u00e4ven ett antal hotellrum. N\u00e4stan 300 av v\u00e5ra inkvarteringsplatser ligger inom n\u00e5gra kilometer fr\u00e5n Kalajoki Hiekkas\u00e4rk\u00e4t. Inkvarteringskapaciteten i omr\u00e5det \u00e4r totalt ungef\u00e4r 1 500 b\u00e4ddar.<\/h5>\n<p>[\/vc_column_text][vc_empty_space height=&#8221;25px&#8221;]<a  itemprop=\"url\" href=\"https:\/\/kalajokikeskusvaraamo.fi\/wp-content\/uploads\/2020\/05\/Alueet-2020.pdf\" target=\"_blank\"  class=\"qbutton  default\" style=\"margin: 0 12px 0 0; \">Boendreomr\u00e5den<\/a><a  itemprop=\"url\" href=\"https:\/\/kalajokikeskusvaraamo.fi\/sv\/bokningsvillkor\/\" target=\"_blank\"  class=\"qbutton  default\" style=\"\">Bokningsvillkor<\/a>[\/vc_column][\/vc_row][vc_row css_animation=&#8221;&#8221; row_type=&#8221;row&#8221; use_row_as_full_screen_section=&#8221;no&#8221; type=&#8221;grid&#8221; angled_section=&#8221;no&#8221; text_align=&#8221;left&#8221; background_image_as_pattern=&#8221;without_pattern&#8221; z_index=&#8221;&#8221; css=&#8221;.vc_custom_1588244107084{padding-top: 1.5% !important;padding-bottom: 2% !important;}&#8221;][vc_column][vc_empty_space height=&#8221;15px&#8221;]<winres-destinations-filter  search-criteria=\"searchCriteria\"  reserve-in-new-window=\"true\"  no-results-text=\"Valitsemillasi hakukriteereill\u00e4 ei l\u00f6ytynyt majoituksia.\"  with-reserve-link=\"true\"  reservation-link-template=\"kohde\"  show-map-selection-icon=\"true\"  sort-flags=\"IsOffer\"  filter-visibility=\"priceRange: false, starRating: false\"  fast-cabin-search=\"true\"  hide-rating=\"true\"  sort-options=\"priceHL,priceLH\"  template-url=\"\"    ><\/winres-destinations-filter>[\/vc_column][\/vc_row]<\/p>\n<\/div>","protected":false},"excerpt":{"rendered":"<p>[vc_row css_animation=&#8221;&#8221; row_type=&#8221;row&#8221; use_row_as_full_screen_section=&#8221;no&#8221; type=&#8221;grid&#8221; angled_section=&#8221;no&#8221; text_align=&#8221;left&#8221; background_image_as_pattern=&#8221;without_pattern&#8221; css=&#8221;.vc_custom_1662713496854{background-image: url(https:\/\/kalajokikeskusvaraamo.fi\/wp-content\/uploads\/2022\/09\/mh2.jpg?id=30496) !important;}&#8221; z_index=&#8221;&#8221; el_class=&#8221;white_txt_shadow&#8221;][vc_column][vc_empty_space height=&#8221;114px&#8221;][vc_column_text] Inkvartering [\/vc_column_text][vc_column_text css=&#8221;&#8221;] Under evenemangsperioder \u00e4r den minsta vistelsel\u00e4ngden 2\u20134 n\u00e4tter. F\u00f6r bokningar f\u00f6r kommande natt, v\u00e4nligen kontakta +358 600 555 444 under kontorets \u00f6ppettider. [\/vc_column_text][vc_empty_space height=&#8221;160px&#8221;][\/vc_column][\/vc_row][vc_row css_animation=&#8221;&#8221; row_type=&#8221;row&#8221; use_row_as_full_screen_section=&#8221;no&#8221; type=&#8221;grid&#8221;&#8230;<\/p>\n","protected":false},"author":4,"featured_media":0,"parent":0,"menu_order":0,"comment_status":"closed","ping_status":"closed","template":"full_width.php","meta":{"footnotes":""},"class_list":["post-19243","page","type-page","status-publish","hentry"],"yoast_head":"<!-- This site is optimized with the Yoast SEO plugin v27.4 - https:\/\/yoast.com\/product\/yoast-seo-wordpress\/ -->\n<title>Inkvartering - Kalajoki Keskusvaraamo<\/title>\n<meta name=\"robots\" content=\"index, follow, max-snippet:-1, max-image-preview:large, max-video-preview:-1\" \/>\n<link rel=\"canonical\" href=\"https:\/\/kalajokikeskusvaraamo.fi\/sv\/inkvartering\/\" \/>\n<meta property=\"og:locale\" content=\"sv_SE\" \/>\n<meta property=\"og:type\" content=\"article\" \/>\n<meta property=\"og:title\" content=\"Inkvartering - Kalajoki Keskusvaraamo\" \/>\n<meta property=\"og:description\" content=\"[vc_row css_animation=&#8221;&#8221; row_type=&#8221;row&#8221; use_row_as_full_screen_section=&#8221;no&#8221; type=&#8221;grid&#8221; angled_section=&#8221;no&#8221; text_align=&#8221;left&#8221; background_image_as_pattern=&#8221;without_pattern&#8221; css=&#8221;.vc_custom_1662713496854{background-image: url(https:\/\/kalajokikeskusvaraamo.fi\/wp-content\/uploads\/2022\/09\/mh2.jpg?id=30496) !important;}&#8221; z_index=&#8221;&#8221; el_class=&#8221;white_txt_shadow&#8221;][vc_column][vc_empty_space height=&#8221;114px&#8221;][vc_column_text] Inkvartering [\/vc_column_text][vc_column_text css=&#8221;&#8221;] Under evenemangsperioder \u00e4r den minsta vistelsel\u00e4ngden 2\u20134 n\u00e4tter. F\u00f6r bokningar f\u00f6r kommande natt, v\u00e4nligen kontakta +358 600 555 444 under kontorets \u00f6ppettider. [\/vc_column_text][vc_empty_space height=&#8221;160px&#8221;][\/vc_column][\/vc_row][vc_row css_animation=&#8221;&#8221; row_type=&#8221;row&#8221; use_row_as_full_screen_section=&#8221;no&#8221; type=&#8221;grid&#8221;...\" \/>\n<meta property=\"og:url\" content=\"https:\/\/kalajokikeskusvaraamo.fi\/sv\/inkvartering\/\" \/>\n<meta property=\"og:site_name\" content=\"Kalajoki Keskusvaraamo\" \/>\n<meta property=\"article:modified_time\" content=\"2026-01-16T12:41:21+00:00\" \/>\n<meta name=\"twitter:card\" content=\"summary_large_image\" \/>\n<meta name=\"twitter:label1\" content=\"Ber\u00e4knad l\u00e4stid\" \/>\n\t<meta name=\"twitter:data1\" content=\"2 minuter\" \/>\n<script type=\"application\/ld+json\" class=\"yoast-schema-graph\">{\"@context\":\"https:\\\/\\\/schema.org\",\"@graph\":[{\"@type\":\"WebPage\",\"@id\":\"https:\\\/\\\/kalajokikeskusvaraamo.fi\\\/sv\\\/inkvartering\\\/\",\"url\":\"https:\\\/\\\/kalajokikeskusvaraamo.fi\\\/sv\\\/inkvartering\\\/\",\"name\":\"Inkvartering - Kalajoki Keskusvaraamo\",\"isPartOf\":{\"@id\":\"https:\\\/\\\/kalajokikeskusvaraamo.fi\\\/sv\\\/#website\"},\"datePublished\":\"2020-11-13T08:34:23+00:00\",\"dateModified\":\"2026-01-16T12:41:21+00:00\",\"breadcrumb\":{\"@id\":\"https:\\\/\\\/kalajokikeskusvaraamo.fi\\\/sv\\\/inkvartering\\\/#breadcrumb\"},\"inLanguage\":\"sv-SE\",\"potentialAction\":[{\"@type\":\"ReadAction\",\"target\":[\"https:\\\/\\\/kalajokikeskusvaraamo.fi\\\/sv\\\/inkvartering\\\/\"]}]},{\"@type\":\"BreadcrumbList\",\"@id\":\"https:\\\/\\\/kalajokikeskusvaraamo.fi\\\/sv\\\/inkvartering\\\/#breadcrumb\",\"itemListElement\":[{\"@type\":\"ListItem\",\"position\":1,\"name\":\"Home\",\"item\":\"https:\\\/\\\/kalajokikeskusvaraamo.fi\\\/sv\\\/\"},{\"@type\":\"ListItem\",\"position\":2,\"name\":\"Inkvartering\"}]},{\"@type\":\"WebSite\",\"@id\":\"https:\\\/\\\/kalajokikeskusvaraamo.fi\\\/sv\\\/#website\",\"url\":\"https:\\\/\\\/kalajokikeskusvaraamo.fi\\\/sv\\\/\",\"name\":\"Kalajoki Keskusvaraamo\",\"description\":\"\",\"potentialAction\":[{\"@type\":\"SearchAction\",\"target\":{\"@type\":\"EntryPoint\",\"urlTemplate\":\"https:\\\/\\\/kalajokikeskusvaraamo.fi\\\/sv\\\/?s={search_term_string}\"},\"query-input\":{\"@type\":\"PropertyValueSpecification\",\"valueRequired\":true,\"valueName\":\"search_term_string\"}}],\"inLanguage\":\"sv-SE\"}]}<\/script>\n<!-- \/ Yoast SEO plugin. -->","yoast_head_json":{"title":"Inkvartering - Kalajoki Keskusvaraamo","robots":{"index":"index","follow":"follow","max-snippet":"max-snippet:-1","max-image-preview":"max-image-preview:large","max-video-preview":"max-video-preview:-1"},"canonical":"https:\/\/kalajokikeskusvaraamo.fi\/sv\/inkvartering\/","og_locale":"sv_SE","og_type":"article","og_title":"Inkvartering - Kalajoki Keskusvaraamo","og_description":"[vc_row css_animation=&#8221;&#8221; row_type=&#8221;row&#8221; use_row_as_full_screen_section=&#8221;no&#8221; type=&#8221;grid&#8221; angled_section=&#8221;no&#8221; text_align=&#8221;left&#8221; background_image_as_pattern=&#8221;without_pattern&#8221; css=&#8221;.vc_custom_1662713496854{background-image: url(https:\/\/kalajokikeskusvaraamo.fi\/wp-content\/uploads\/2022\/09\/mh2.jpg?id=30496) !important;}&#8221; z_index=&#8221;&#8221; el_class=&#8221;white_txt_shadow&#8221;][vc_column][vc_empty_space height=&#8221;114px&#8221;][vc_column_text] Inkvartering [\/vc_column_text][vc_column_text css=&#8221;&#8221;] Under evenemangsperioder \u00e4r den minsta vistelsel\u00e4ngden 2\u20134 n\u00e4tter. F\u00f6r bokningar f\u00f6r kommande natt, v\u00e4nligen kontakta +358 600 555 444 under kontorets \u00f6ppettider. [\/vc_column_text][vc_empty_space height=&#8221;160px&#8221;][\/vc_column][\/vc_row][vc_row css_animation=&#8221;&#8221; row_type=&#8221;row&#8221; use_row_as_full_screen_section=&#8221;no&#8221; type=&#8221;grid&#8221;...","og_url":"https:\/\/kalajokikeskusvaraamo.fi\/sv\/inkvartering\/","og_site_name":"Kalajoki Keskusvaraamo","article_modified_time":"2026-01-16T12:41:21+00:00","twitter_card":"summary_large_image","twitter_misc":{"Ber\u00e4knad l\u00e4stid":"2 minuter"},"schema":{"@context":"https:\/\/schema.org","@graph":[{"@type":"WebPage","@id":"https:\/\/kalajokikeskusvaraamo.fi\/sv\/inkvartering\/","url":"https:\/\/kalajokikeskusvaraamo.fi\/sv\/inkvartering\/","name":"Inkvartering - Kalajoki Keskusvaraamo","isPartOf":{"@id":"https:\/\/kalajokikeskusvaraamo.fi\/sv\/#website"},"datePublished":"2020-11-13T08:34:23+00:00","dateModified":"2026-01-16T12:41:21+00:00","breadcrumb":{"@id":"https:\/\/kalajokikeskusvaraamo.fi\/sv\/inkvartering\/#breadcrumb"},"inLanguage":"sv-SE","potentialAction":[{"@type":"ReadAction","target":["https:\/\/kalajokikeskusvaraamo.fi\/sv\/inkvartering\/"]}]},{"@type":"BreadcrumbList","@id":"https:\/\/kalajokikeskusvaraamo.fi\/sv\/inkvartering\/#breadcrumb","itemListElement":[{"@type":"ListItem","position":1,"name":"Home","item":"https:\/\/kalajokikeskusvaraamo.fi\/sv\/"},{"@type":"ListItem","position":2,"name":"Inkvartering"}]},{"@type":"WebSite","@id":"https:\/\/kalajokikeskusvaraamo.fi\/sv\/#website","url":"https:\/\/kalajokikeskusvaraamo.fi\/sv\/","name":"Kalajoki Keskusvaraamo","description":"","potentialAction":[{"@type":"SearchAction","target":{"@type":"EntryPoint","urlTemplate":"https:\/\/kalajokikeskusvaraamo.fi\/sv\/?s={search_term_string}"},"query-input":{"@type":"PropertyValueSpecification","valueRequired":true,"valueName":"search_term_string"}}],"inLanguage":"sv-SE"}]}},"_links":{"self":[{"href":"https:\/\/kalajokikeskusvaraamo.fi\/sv\/wp-json\/wp\/v2\/pages\/19243","targetHints":{"allow":["GET"]}}],"collection":[{"href":"https:\/\/kalajokikeskusvaraamo.fi\/sv\/wp-json\/wp\/v2\/pages"}],"about":[{"href":"https:\/\/kalajokikeskusvaraamo.fi\/sv\/wp-json\/wp\/v2\/types\/page"}],"author":[{"embeddable":true,"href":"https:\/\/kalajokikeskusvaraamo.fi\/sv\/wp-json\/wp\/v2\/users\/4"}],"replies":[{"embeddable":true,"href":"https:\/\/kalajokikeskusvaraamo.fi\/sv\/wp-json\/wp\/v2\/comments?post=19243"}],"version-history":[{"count":12,"href":"https:\/\/kalajokikeskusvaraamo.fi\/sv\/wp-json\/wp\/v2\/pages\/19243\/revisions"}],"predecessor-version":[{"id":41988,"href":"https:\/\/kalajokikeskusvaraamo.fi\/sv\/wp-json\/wp\/v2\/pages\/19243\/revisions\/41988"}],"wp:attachment":[{"href":"https:\/\/kalajokikeskusvaraamo.fi\/sv\/wp-json\/wp\/v2\/media?parent=19243"}],"curies":[{"name":"wp","href":"https:\/\/api.w.org\/{rel}","templated":true}]}}