{"id":18519,"date":"2020-04-29T16:33:53","date_gmt":"2020-04-29T13:33:53","guid":{"rendered":"https:\/\/kalajokikeskusvaraamo.fi\/?page_id=18519"},"modified":"2023-10-10T14:53:09","modified_gmt":"2023-10-10T11:53:09","slug":"for-tour-operators","status":"publish","type":"page","link":"https:\/\/kalajokikeskusvaraamo.fi\/en\/for-tour-operators\/","title":{"rendered":"For tour operators"},"content":{"rendered":"<div class=\"wpb-content-wrapper\"><p>[vc_row css_animation=&#8221;&#8221; row_type=&#8221;row&#8221; use_row_as_full_screen_section=&#8221;no&#8221; type=&#8221;full_width&#8221; angled_section=&#8221;no&#8221; text_align=&#8221;left&#8221; background_image_as_pattern=&#8221;without_pattern&#8221;][vc_column]\t\t\t<script src=\"\/\/kalajokikeskusvaraamo.fi\/wp-content\/plugins\/revslider\/sr6\/assets\/js\/rbtools.min.js?rev=6.7.40\"><\/script>\n\t\t\t<script src=\"\/\/kalajokikeskusvaraamo.fi\/wp-content\/plugins\/revslider\/sr6\/assets\/js\/rs6.min.js?rev=6.7.40\"><\/script>\n\n\t\t\t<!-- START For tour operators REVOLUTION SLIDER 6.7.40 --><p class=\"rs-p-wp-fix\"><\/p>\n\t\t\t<rs-module-wrap id=\"rev_slider_203_1_wrapper\" data-source=\"gallery\" style=\"visibility:hidden;background:transparent;padding:0;margin:0px auto;margin-top:0;margin-bottom:0;\">\n\t\t\t\t<rs-module id=\"rev_slider_203_1\" style=\"\" data-version=\"6.7.40\">\n\t\t\t\t\t<rs-slides style=\"overflow: hidden; position: absolute;\">\n\t\t\t\t\t\t<rs-slide style=\"position: absolute;\" data-key=\"rs-320\" data-title=\"Palvelut\" data-anim=\"ms:10;\" data-in=\"o:1;\" data-out=\"a:false;\">\n\t\t\t\t\t\t\t<img decoding=\"async\" src=\"https:\/\/e6e6jux4p2d.exactdn.com\/wp-content\/plugins\/revslider\/sr6\/assets\/assets\/dummy.png\" alt=\"\" title=\"Hiekkas\u00e4rk\u00e4t\" width=\"2048\" height=\"1240\" class=\"rev-slidebg tp-rs-img rs-lazyload\" data-lazyload=\"https:\/\/e6e6jux4p2d.exactdn.com\/wp-content\/uploads\/2023\/10\/Hiekkasarkat.jpg?strip=all&resize=1060%2C642\" data-bg=\"p:center bottom;\" data-parallax=\"off\" data-no-retina>\n<!--\n\t\t\t\t\t\t\t--><h2\n\t\t\t\t\t\t\t\tid=\"slider-203-slide-320-layer-1\" \n\t\t\t\t\t\t\t\tclass=\"rs-layer rs-selectable\"\n\t\t\t\t\t\t\t\tdata-type=\"text\"\n\t\t\t\t\t\t\t\tdata-color=\"#ffffff\"\n\t\t\t\t\t\t\t\tdata-rsp_ch=\"on\"\n\t\t\t\t\t\t\t\tdata-xy=\"x:c;xo:18px;y:c;yo:-23px;\"\n\t\t\t\t\t\t\t\tdata-text=\"s:62;l:72;ls:0px;fw:700;a:inherit;\"\n\t\t\t\t\t\t\t\tdata-frame_1=\"sR:10;\"\n\t\t\t\t\t\t\t\tdata-frame_999=\"o:0;st:w;sR:8690.0006103516;\"\n\t\t\t\t\t\t\t\tstyle=\"z-index:5;font-family:'Poppins';text-shadow:1px 1px 2px rgba(0,0,0,.4);\"\n\t\t\t\t\t\t\t>For Tour Operators \n\t\t\t\t\t\t\t<\/h2><!--\n-->\t\t\t\t\t<\/rs-slide>\n\t\t\t\t\t<\/rs-slides>\n\t\t\t\t<\/rs-module>\n\t\t\t\t<script>\n\t\t\t\t\tsetREVStartSize({c: 'rev_slider_203_1',rl:[1240,1024,778,480],el:[420],gw:[1240],gh:[420],type:'hero',justify:'',layout:'fullwidth',mh:\"420\"});if (window.RS_MODULES!==undefined && window.RS_MODULES.modules!==undefined && window.RS_MODULES.modules[\"revslider2031\"]!==undefined) {window.RS_MODULES.modules[\"revslider2031\"].once = false;window.revapi203 = undefined;if (window.RS_MODULES.checkMinimal!==undefined) window.RS_MODULES.checkMinimal()}\n\t\t\t\t<\/script>\n\t\t\t<\/rs-module-wrap>\n\t\t\t<!-- END REVOLUTION SLIDER -->\n[\/vc_column][\/vc_row][vc_row css_animation=&#8221;&#8221; row_type=&#8221;row&#8221; use_row_as_full_screen_section=&#8221;no&#8221; type=&#8221;grid&#8221; angled_section=&#8221;no&#8221; text_align=&#8221;center&#8221; background_image_as_pattern=&#8221;without_pattern&#8221; background_color=&#8221;#ffffff&#8221;][vc_column offset=&#8221;vc_col-lg-offset-1 vc_col-lg-10 vc_col-md-offset-0 vc_col-md-12 vc_col-sm-offset-0&#8243; css=&#8221;.vc_custom_1584578009192{padding-top: 5% !important;padding-right: 10% !important;padding-left: 10% !important;}&#8221;][vc_empty_space height=&#8221;10px&#8221;][vc_column_text]<\/p>\n<h1 style=\"text-align: center;\"><strong>DISCOVER KALAJOKI<\/strong><\/h1>\n<p>[\/vc_column_text][vc_column_text]<\/p>\n<p style=\"text-align: center;\">Kalajoki with its long beach and sand dune area &#8220;Hiekkas\u00e4rk\u00e4t&#8221; is a compact holiday area in Northern Finland situated at the seaside of the Bothnian Bay, 1,5 h drive south of Oulu airport via Route 8.<br \/>\nKalajoki offers the perfect settings and services for single travellers and groups<br \/>\ndreaming of a break by the Finnish arctic bay.<br \/>\nRead more about our <a href=\"https:\/\/visitkalajoki.fi\/en\/be-active\/\" target=\"_blank\" rel=\"noopener noreferrer\">leisure activities here!<\/a><\/p>\n<p style=\"text-align: center;\">Check out some of our products also from <a href=\"http:\/\/datahub.visitfinland.com\">Visit Finland\u2019s data hub<\/a><\/p>\n<p style=\"text-align: center;\"><a href=\"https:\/\/www.yumpu.com\/en\/document\/read\/67472866\/visit-kalajoki-2023\">Travel Magazine<\/a><br \/>\n<a href=\"https:\/\/www.yumpu.com\/xx\/document\/read\/63046583\/kalajoki-presentation-january-2020\" target=\"_blank\" rel=\"noopener noreferrer\">Kalajoki views and key facts<\/a><\/p>\n<p>[\/vc_column_text][\/vc_column][\/vc_row][vc_row css_animation=&#8221;&#8221; row_type=&#8221;row&#8221; use_row_as_full_screen_section=&#8221;no&#8221; type=&#8221;full_width&#8221; angled_section=&#8221;no&#8221; text_align=&#8221;center&#8221; background_image_as_pattern=&#8221;without_pattern&#8221; background_color=&#8221;#ffffff&#8221; z_index=&#8221;&#8221;][vc_column offset=&#8221;vc_col-lg-offset-0 vc_col-md-offset-0 vc_col-sm-offset-0&#8243; css=&#8221;.vc_custom_1589931160501{padding-top: 4% !important;padding-bottom: 5% !important;}&#8221;][vc_single_image image=&#8221;18574&#8243; img_size=&#8221;full&#8221; onclick=&#8221;custom_link&#8221; img_link_target=&#8221;_blank&#8221; qode_css_animation=&#8221;element_from_fade&#8221; link=&#8221;https:\/\/kalajokikeskusvaraamo.fi\/wp-content\/uploads\/2020\/04\/reachKalajoki.png&#8221;][\/vc_column][\/vc_row][vc_row css_animation=&#8221;&#8221; row_type=&#8221;row&#8221; use_row_as_full_screen_section=&#8221;no&#8221; type=&#8221;grid&#8221; angled_section=&#8221;no&#8221; text_align=&#8221;left&#8221; background_image_as_pattern=&#8221;without_pattern&#8221; z_index=&#8221;&#8221; css=&#8221;.vc_custom_1584577598322{padding-top: 0.5% !important;padding-bottom: 2% !important;}&#8221;][vc_column width=&#8221;1\/2&#8243;][vc_empty_space height=&#8221;20px&#8221;][vc_single_image image=&#8221;18533&#8243; img_size=&#8221;full&#8221; qode_css_animation=&#8221;element_from_fade&#8221;][\/vc_column][vc_column width=&#8221;1\/2&#8243; offset=&#8221;vc_col-lg-offset-0 vc_col-lg-6 vc_col-md-offset-0 vc_col-md-6 vc_col-sm-offset-0&#8243; css=&#8221;.vc_custom_1576114713561{padding-right: 10% !important;padding-bottom: 4.5% !important;}&#8221;][vc_empty_space height=&#8221;10px&#8221;][vc_column_text]<\/p>\n<h3 style=\"text-align: center;\"><strong>INFO &amp; SERVICES FOR TOUR OPERATORS<\/strong><\/h3>\n<p>[\/vc_column_text][vc_column_text]\u2022 Kalajoki Booking Centre is privately owned company, founded 2002<br \/>\n\u2022 DMC office in Kalajoki with full tour operator rights<br \/>\n\u2022 Programs and events can be arranged and tailored by a local operator and with a single invoice<br \/>\n\u2022 Almost 300 accommodation options in Hiekkas\u00e4rk\u00e4t sand dunes area<br \/>\n\u2022 Largest and most diverse selection of high-quality accommodation; holiday houses, villas, traditional Finnish cottages, apartments, hotel rooms<br \/>\n\u2022 Offers also local tourism activities, meeting and group services, transfers<br \/>\n\u2022 All areas meeting services and facilities bookable through Kalajoki Booking Centre<\/p>\n<p><strong>Requests and more info: Ms. Laura Kujala\/ Sales<\/strong><br \/>\n<strong>laura.kujala@kalajokikeskusvaraamo.fi<br \/>\nphone: +358-50-3765876<\/strong>[\/vc_column_text][\/vc_column][\/vc_row][vc_row css_animation=&#8221;&#8221; row_type=&#8221;row&#8221; use_row_as_full_screen_section=&#8221;no&#8221; type=&#8221;grid&#8221; angled_section=&#8221;no&#8221; text_align=&#8221;center&#8221; background_image_as_pattern=&#8221;without_pattern&#8221; background_color=&#8221;#ffffff&#8221;][vc_column offset=&#8221;vc_col-lg-offset-1 vc_col-lg-10 vc_col-md-offset-0 vc_col-md-12 vc_col-sm-offset-0&#8243; css=&#8221;.vc_custom_1584578009192{padding-top: 5% !important;padding-right: 10% !important;padding-left: 10% !important;}&#8221;][vc_column_text]<\/p>\n<h1 style=\"text-align: center;\"><u><b>Welcome to Kalajoki \u2013 Arctic and adventurous seaside resort <\/b><\/u><\/h1>\n<p>[\/vc_column_text][vc_column_text]Kalajoki Hiekkas\u00e4rk\u00e4t is a popular tourist destination in Finland. Hiekkas\u00e4rk\u00e4t are known especially from long sandy beach, sandy dunes, versatile services and activities by the beach and also of many events during summertime. When winter season begins usually in January, sandy dunes turns to snowy dunes and inland sea gets frozen. Purity of midwinter cleanse you on the sea ice, the white beaches and in the forests. Welcome to Kalajoki to enjoy winter fun at an arctic and adventurous seaside resort! Keep your eyes open at nightfall, as you might spot the beautiful northern lights.<\/p>\n<p>Choose accommodation from Marina Resort self-service apartments or from Santa`s Resort &amp; Spa Hotel Sani hotel rooms. Marina Resort design apartments are built 2022-2023. Every apartment has a glassed balcony facing the sea and a private sauna and kitchen. Smaller ones are perfect for a couple, bigger ones are with two bedrooms and are ideal for a family or for two couples. Marina Resort apartments are built and furnished in high-standard style. Santa`s Resort &amp; Spa Hotel Sani hotel is full-service spa hotel with a sea view, instant access to the beach and nature trails, conference facilities, restaurant and bar.[\/vc_column_text][vc_empty_space height=&#8221;20px&#8221;][\/vc_column][\/vc_row][vc_row css_animation=&#8221;&#8221; row_type=&#8221;row&#8221; use_row_as_full_screen_section=&#8221;no&#8221; type=&#8221;grid&#8221; angled_section=&#8221;no&#8221; text_align=&#8221;center&#8221; background_image_as_pattern=&#8221;without_pattern&#8221; background_color=&#8221;#ffffff&#8221;][vc_column width=&#8221;1\/2&#8243; offset=&#8221;vc_col-lg-offset-1 vc_col-lg-10 vc_col-md-offset-0 vc_col-md-12 vc_col-sm-offset-0&#8243; css=&#8221;.vc_custom_1584578009192{padding-top: 5% !important;padding-right: 10% !important;padding-left: 10% !important;}&#8221;][vc_column_text]<\/p>\n<h1 style=\"text-align: center;\"><u><b>Arctic islands and snowy forest experience in Kalajoki <\/b><\/u><\/h1>\n<p>[\/vc_column_text][\/vc_column][\/vc_row][vc_row css_animation=&#8221;&#8221; row_type=&#8221;row&#8221; use_row_as_full_screen_section=&#8221;no&#8221; type=&#8221;grid&#8221; angled_section=&#8221;no&#8221; text_align=&#8221;left&#8221; background_image_as_pattern=&#8221;without_pattern&#8221; z_index=&#8221;&#8221; css=&#8221;.vc_custom_1584577598322{padding-top: 0.5% !important;padding-bottom: 2% !important;}&#8221;][vc_column width=&#8221;1\/2&#8243;][vc_empty_space height=&#8221;10px&#8221;][vc_column_text]<strong>Day 1 (Wednesday): Arrival To The Arctic Dunes, Kalajoki Hiekkas\u00e4rk\u00e4t<\/strong><br \/>\n16:15 Arrival to Oulu airport<br \/>\nTransfer to Kalajoki by Saaga Travel<br \/>\n18:00 Arrival to the arctic sand dunes, Kalajoki Hiekkas\u00e4rk\u00e4t<br \/>\nAccommodating in Marina Resort`s apartments (Kalajoki Booking Centre) or in hotel (Santa`s Resort &amp; Spa Hotel Sani)<br \/>\n(Shuttle to restaurant)<br \/>\nDinner at Irish Gastro Pub Sandy Kelt<\/p>\n<p><strong>Day 2 (Thursday): Frozen inland sea and arctic islands experience at Rahja`s archipelago<\/strong><br \/>\n8:30 Catering breakfast of local products in accommodation \/Buffet breakfast at Santa`s Resort &amp; Spa Hotel Sani<\/p>\n<p>Shuttle to Rahja`s archipelago<\/p>\n<p>The mesmerizing Rahja archipelago entices travellers to spend the day winter island hopping. There are some 100 islands and is located less than 10 kilometers from the Hiekkas\u00e4rk\u00e4t holiday resort, which makes it the perfect destination for a day trip. The archipelago is unique in Europe since it includes all types of habitat of the land uplift coast, from the sheltered forests of the inner archipelago to the open sea islands of the outer archipelago.<\/p>\n<p>10:00 \u2013 13:00 Frozen inland sea and arctic islands experience at Rahja`s archipelago:<\/p>\n<p>Arctic island adventure &#8211; Feel the frozen atmosphere of arctic inland sea and tens of islands by its\u2019 coast in Rahja Archipelago. The rushing waves have turned into ice beneath your feet to carry you from island to island. Sense the arctic winter, see the snowy trees and landscape of the untouched islands. During the right kind of weather, you have a chance to hear the ice forming and northern wind blowing the tingling snow and ice crystals.<\/p>\n<p>Guided arctic E-fatbike safari on frozen inland sea. Tour will lead you from island to island. After winter biking a while, we will enjoy outdoor lunch on one of the island`s camp-fire and cup of hot and salty snack. Hear the tales of northern marine lifestyle, local nature and cultural history of the fishermen and seamen. After warming up, we are meditating by very Finnish way by ice-fishing on a frozen sea.<\/p>\n<p>Shuttle back to the Hiekkas\u00e4rk\u00e4t<\/p>\n<p>Tasty snack of local and seasonal treats waiting for you in your apartment \/ hotel room<\/p>\n<p>(Shuttle to spa)<\/p>\n<p>15:30 \u2013 17:30 Time for spa visit or pampering treatments:<br \/>\nRelax in gentle steam of sauna, enjoy the spa`s bubbly hot tubs or take swim laps in the fitness pool. Access to spa is included in the price.<\/p>\n<p>Pampering treatments from day spa like hot stone massage &#8211; a relaxing treatment from head to toes or warm chocolate massage, relaxing moment for everyone. Treatments available for extra charge.<\/p>\n<p>19:00 Rustic Finnish \u00e0 la carte dinner with selected wines at Bistro, Santa`s Resort &amp; Spa Hotel Sani[\/vc_column_text][\/vc_column][vc_column width=&#8221;1\/2&#8243; offset=&#8221;vc_col-lg-offset-0 vc_col-lg-6 vc_col-md-offset-0 vc_col-md-6 vc_col-sm-offset-0&#8243; css=&#8221;.vc_custom_1576114713561{padding-right: 10% !important;padding-bottom: 4.5% !important;}&#8221;][vc_empty_space height=&#8221;10px&#8221;][vc_column_text]<b>Day 3<\/b><b> (Friday): Snowy forest adventure in Siiponjoki valley<\/b><u><b><br \/>\n<\/b><\/u><u><\/u>8:30 Catering breakfast of local products in accommodation \/<br \/>\nBuffet breakfast at Santa`s Resort &amp; Spa Hotel Sani<\/p>\n<p>Shuttle to Siiponjoki valley, Pleuna<\/p>\n<p>10:00 \u2013 13:30 Guided snowshoe safari in Siiponjoki river valley, Pleuna.\u00a0 Feel beautiful, high pine forest above us in a beautiful daylight. Hear about our protected Siiponjoki area, land lifting in the area and different 4 seasons in our\u00a0 nature. Warming up on campfire with cup of hot and tasting salty &amp; sweety snack. Chance to test sliding snowshoes on snow.<\/p>\n<p>Shuttle back to accommodation<\/p>\n<p>Tasty snack of local and seasonal treats waiting for you in your apartment \/ hotel room.<\/p>\n<p>16:30 Shuttle to Linnakallio, Alavieska<\/p>\n<p>17:00-19:00 Linnakallio smoke sauna experience in (2h)<\/p>\n<p>Guided local forest smoke sauna and ice swimming experience. Guide will tell about Linnakallio`s history and services, also sauna and ice swimming traditions in Finland, rituals and it`s beneficial on health and vitality to your health.<\/p>\n<p>19:00 \u2013 21:00 Tasty homemade dinner of Finnish Seasonal Flavors at Linnakallio<\/p>\n<p>Shuttle back to accommodation, Kalajoki<\/p>\n<p><b>Day 4<\/b><b> (Saturday): Departure day <\/b><u><b><br \/>\n<\/b><\/u><u><\/u>8:30 Catering breakfast of local products in accommodation \/ buffet breakfast at Santa`s Resort &amp; Spa Hotel Sani<\/p>\n<p>10:00 Shuttle back to Oulu by Saaga Travel<br \/>\nShort break and snack in the historical wooden town of Raahe, beautifully restored Langin Kauppahuone that will introduce the Finnish merchandisers history. Chance to do some souvenir shopping of local traditional Finnish products.[\/vc_column_text][vc_empty_space height=&#8221;20px&#8221;][vc_single_image image=&#8221;34865&#8243; img_size=&#8221;large&#8221; alignment=&#8221;center&#8221; qode_css_animation=&#8221;&#8221;][\/vc_column][\/vc_row]<\/p>\n<\/div>","protected":false},"excerpt":{"rendered":"<p>[vc_row css_animation=&#8221;&#8221; row_type=&#8221;row&#8221; use_row_as_full_screen_section=&#8221;no&#8221; type=&#8221;full_width&#8221; angled_section=&#8221;no&#8221; text_align=&#8221;left&#8221; background_image_as_pattern=&#8221;without_pattern&#8221;][vc_column][\/vc_column][\/vc_row][vc_row css_animation=&#8221;&#8221; row_type=&#8221;row&#8221; use_row_as_full_screen_section=&#8221;no&#8221; type=&#8221;grid&#8221; angled_section=&#8221;no&#8221; text_align=&#8221;center&#8221; background_image_as_pattern=&#8221;without_pattern&#8221; background_color=&#8221;#ffffff&#8221;][vc_column offset=&#8221;vc_col-lg-offset-1 vc_col-lg-10 vc_col-md-offset-0 vc_col-md-12 vc_col-sm-offset-0&#8243; css=&#8221;.vc_custom_1584578009192{padding-top: 5% !important;padding-right: 10% !important;padding-left: 10% !important;}&#8221;][vc_empty_space height=&#8221;10px&#8221;][vc_column_text] DISCOVER KALAJOKI [\/vc_column_text][vc_column_text] Kalajoki with its long beach and sand dune area &#8220;Hiekkas\u00e4rk\u00e4t&#8221; is a compact&#8230;<\/p>\n","protected":false},"author":13,"featured_media":0,"parent":0,"menu_order":0,"comment_status":"closed","ping_status":"closed","template":"full_width.php","meta":{"footnotes":""},"class_list":["post-18519","page","type-page","status-publish","hentry"],"yoast_head":"<!-- This site is optimized with the Yoast SEO plugin v27.4 - https:\/\/yoast.com\/product\/yoast-seo-wordpress\/ -->\n<title>For tour operators - Kalajoki Keskusvaraamo<\/title>\n<meta name=\"robots\" content=\"index, follow, max-snippet:-1, max-image-preview:large, max-video-preview:-1\" \/>\n<link rel=\"canonical\" href=\"https:\/\/kalajokikeskusvaraamo.fi\/en\/for-tour-operators\/\" \/>\n<meta property=\"og:locale\" content=\"en_US\" \/>\n<meta property=\"og:type\" content=\"article\" \/>\n<meta property=\"og:title\" content=\"For tour operators - Kalajoki Keskusvaraamo\" \/>\n<meta property=\"og:description\" content=\"[vc_row css_animation=&#8221;&#8221; row_type=&#8221;row&#8221; use_row_as_full_screen_section=&#8221;no&#8221; type=&#8221;full_width&#8221; angled_section=&#8221;no&#8221; text_align=&#8221;left&#8221; background_image_as_pattern=&#8221;without_pattern&#8221;][vc_column][\/vc_column][\/vc_row][vc_row css_animation=&#8221;&#8221; row_type=&#8221;row&#8221; use_row_as_full_screen_section=&#8221;no&#8221; type=&#8221;grid&#8221; angled_section=&#8221;no&#8221; text_align=&#8221;center&#8221; background_image_as_pattern=&#8221;without_pattern&#8221; background_color=&#8221;#ffffff&#8221;][vc_column offset=&#8221;vc_col-lg-offset-1 vc_col-lg-10 vc_col-md-offset-0 vc_col-md-12 vc_col-sm-offset-0&#8243; css=&#8221;.vc_custom_1584578009192{padding-top: 5% !important;padding-right: 10% !important;padding-left: 10% !important;}&#8221;][vc_empty_space height=&#8221;10px&#8221;][vc_column_text] DISCOVER KALAJOKI [\/vc_column_text][vc_column_text] Kalajoki with its long beach and sand dune area &#8220;Hiekkas\u00e4rk\u00e4t&#8221; is a compact...\" \/>\n<meta property=\"og:url\" content=\"https:\/\/kalajokikeskusvaraamo.fi\/en\/for-tour-operators\/\" \/>\n<meta property=\"og:site_name\" content=\"Kalajoki Keskusvaraamo\" \/>\n<meta property=\"article:modified_time\" content=\"2023-10-10T11:53:09+00:00\" \/>\n<meta name=\"twitter:card\" content=\"summary_large_image\" \/>\n<meta name=\"twitter:label1\" content=\"Est. reading time\" \/>\n\t<meta name=\"twitter:data1\" content=\"8 minutes\" \/>\n<script type=\"application\/ld+json\" class=\"yoast-schema-graph\">{\"@context\":\"https:\\\/\\\/schema.org\",\"@graph\":[{\"@type\":\"WebPage\",\"@id\":\"https:\\\/\\\/kalajokikeskusvaraamo.fi\\\/en\\\/for-tour-operators\\\/\",\"url\":\"https:\\\/\\\/kalajokikeskusvaraamo.fi\\\/en\\\/for-tour-operators\\\/\",\"name\":\"For tour operators - Kalajoki Keskusvaraamo\",\"isPartOf\":{\"@id\":\"https:\\\/\\\/kalajokikeskusvaraamo.fi\\\/en\\\/#website\"},\"datePublished\":\"2020-04-29T13:33:53+00:00\",\"dateModified\":\"2023-10-10T11:53:09+00:00\",\"breadcrumb\":{\"@id\":\"https:\\\/\\\/kalajokikeskusvaraamo.fi\\\/en\\\/for-tour-operators\\\/#breadcrumb\"},\"inLanguage\":\"en-US\",\"potentialAction\":[{\"@type\":\"ReadAction\",\"target\":[\"https:\\\/\\\/kalajokikeskusvaraamo.fi\\\/en\\\/for-tour-operators\\\/\"]}]},{\"@type\":\"BreadcrumbList\",\"@id\":\"https:\\\/\\\/kalajokikeskusvaraamo.fi\\\/en\\\/for-tour-operators\\\/#breadcrumb\",\"itemListElement\":[{\"@type\":\"ListItem\",\"position\":1,\"name\":\"Home\",\"item\":\"https:\\\/\\\/kalajokikeskusvaraamo.fi\\\/en\\\/\"},{\"@type\":\"ListItem\",\"position\":2,\"name\":\"For tour operators\"}]},{\"@type\":\"WebSite\",\"@id\":\"https:\\\/\\\/kalajokikeskusvaraamo.fi\\\/en\\\/#website\",\"url\":\"https:\\\/\\\/kalajokikeskusvaraamo.fi\\\/en\\\/\",\"name\":\"Kalajoki Keskusvaraamo\",\"description\":\"\",\"potentialAction\":[{\"@type\":\"SearchAction\",\"target\":{\"@type\":\"EntryPoint\",\"urlTemplate\":\"https:\\\/\\\/kalajokikeskusvaraamo.fi\\\/en\\\/?s={search_term_string}\"},\"query-input\":{\"@type\":\"PropertyValueSpecification\",\"valueRequired\":true,\"valueName\":\"search_term_string\"}}],\"inLanguage\":\"en-US\"}]}<\/script>\n<!-- \/ Yoast SEO plugin. -->","yoast_head_json":{"title":"For tour operators - Kalajoki Keskusvaraamo","robots":{"index":"index","follow":"follow","max-snippet":"max-snippet:-1","max-image-preview":"max-image-preview:large","max-video-preview":"max-video-preview:-1"},"canonical":"https:\/\/kalajokikeskusvaraamo.fi\/en\/for-tour-operators\/","og_locale":"en_US","og_type":"article","og_title":"For tour operators - Kalajoki Keskusvaraamo","og_description":"[vc_row css_animation=&#8221;&#8221; row_type=&#8221;row&#8221; use_row_as_full_screen_section=&#8221;no&#8221; type=&#8221;full_width&#8221; angled_section=&#8221;no&#8221; text_align=&#8221;left&#8221; background_image_as_pattern=&#8221;without_pattern&#8221;][vc_column][\/vc_column][\/vc_row][vc_row css_animation=&#8221;&#8221; row_type=&#8221;row&#8221; use_row_as_full_screen_section=&#8221;no&#8221; type=&#8221;grid&#8221; angled_section=&#8221;no&#8221; text_align=&#8221;center&#8221; background_image_as_pattern=&#8221;without_pattern&#8221; background_color=&#8221;#ffffff&#8221;][vc_column offset=&#8221;vc_col-lg-offset-1 vc_col-lg-10 vc_col-md-offset-0 vc_col-md-12 vc_col-sm-offset-0&#8243; css=&#8221;.vc_custom_1584578009192{padding-top: 5% !important;padding-right: 10% !important;padding-left: 10% !important;}&#8221;][vc_empty_space height=&#8221;10px&#8221;][vc_column_text] DISCOVER KALAJOKI [\/vc_column_text][vc_column_text] Kalajoki with its long beach and sand dune area &#8220;Hiekkas\u00e4rk\u00e4t&#8221; is a compact...","og_url":"https:\/\/kalajokikeskusvaraamo.fi\/en\/for-tour-operators\/","og_site_name":"Kalajoki Keskusvaraamo","article_modified_time":"2023-10-10T11:53:09+00:00","twitter_card":"summary_large_image","twitter_misc":{"Est. reading time":"8 minutes"},"schema":{"@context":"https:\/\/schema.org","@graph":[{"@type":"WebPage","@id":"https:\/\/kalajokikeskusvaraamo.fi\/en\/for-tour-operators\/","url":"https:\/\/kalajokikeskusvaraamo.fi\/en\/for-tour-operators\/","name":"For tour operators - Kalajoki Keskusvaraamo","isPartOf":{"@id":"https:\/\/kalajokikeskusvaraamo.fi\/en\/#website"},"datePublished":"2020-04-29T13:33:53+00:00","dateModified":"2023-10-10T11:53:09+00:00","breadcrumb":{"@id":"https:\/\/kalajokikeskusvaraamo.fi\/en\/for-tour-operators\/#breadcrumb"},"inLanguage":"en-US","potentialAction":[{"@type":"ReadAction","target":["https:\/\/kalajokikeskusvaraamo.fi\/en\/for-tour-operators\/"]}]},{"@type":"BreadcrumbList","@id":"https:\/\/kalajokikeskusvaraamo.fi\/en\/for-tour-operators\/#breadcrumb","itemListElement":[{"@type":"ListItem","position":1,"name":"Home","item":"https:\/\/kalajokikeskusvaraamo.fi\/en\/"},{"@type":"ListItem","position":2,"name":"For tour operators"}]},{"@type":"WebSite","@id":"https:\/\/kalajokikeskusvaraamo.fi\/en\/#website","url":"https:\/\/kalajokikeskusvaraamo.fi\/en\/","name":"Kalajoki Keskusvaraamo","description":"","potentialAction":[{"@type":"SearchAction","target":{"@type":"EntryPoint","urlTemplate":"https:\/\/kalajokikeskusvaraamo.fi\/en\/?s={search_term_string}"},"query-input":{"@type":"PropertyValueSpecification","valueRequired":true,"valueName":"search_term_string"}}],"inLanguage":"en-US"}]}},"_links":{"self":[{"href":"https:\/\/kalajokikeskusvaraamo.fi\/en\/wp-json\/wp\/v2\/pages\/18519","targetHints":{"allow":["GET"]}}],"collection":[{"href":"https:\/\/kalajokikeskusvaraamo.fi\/en\/wp-json\/wp\/v2\/pages"}],"about":[{"href":"https:\/\/kalajokikeskusvaraamo.fi\/en\/wp-json\/wp\/v2\/types\/page"}],"author":[{"embeddable":true,"href":"https:\/\/kalajokikeskusvaraamo.fi\/en\/wp-json\/wp\/v2\/users\/13"}],"replies":[{"embeddable":true,"href":"https:\/\/kalajokikeskusvaraamo.fi\/en\/wp-json\/wp\/v2\/comments?post=18519"}],"version-history":[{"count":27,"href":"https:\/\/kalajokikeskusvaraamo.fi\/en\/wp-json\/wp\/v2\/pages\/18519\/revisions"}],"predecessor-version":[{"id":34879,"href":"https:\/\/kalajokikeskusvaraamo.fi\/en\/wp-json\/wp\/v2\/pages\/18519\/revisions\/34879"}],"wp:attachment":[{"href":"https:\/\/kalajokikeskusvaraamo.fi\/en\/wp-json\/wp\/v2\/media?parent=18519"}],"curies":[{"name":"wp","href":"https:\/\/api.w.org\/{rel}","templated":true}]}}